{"id":1619,"date":"2025-01-26T18:50:29","date_gmt":"2025-01-26T18:50:29","guid":{"rendered":"https:\/\/atsuminaturals.com\/?post_type=product&#038;p=1619"},"modified":"2026-05-10T00:03:02","modified_gmt":"2026-05-10T00:03:02","slug":"caja-de-regalo-japonesa-de-7-uds-4-uds-juego-de-accesorios-de-te-matcha","status":"publish","type":"product","link":"https:\/\/atsuminaturals.com\/en\/product\/caja-de-regalo-japonesa-de-7-uds-4-uds-juego-de-accesorios-de-te-matcha\/","title":{"rendered":"Caja de regalo japonesa de 7 Uds., 4 Uds., juego de accesorios de t\u00e9 matcha (Varios modelos)"},"content":{"rendered":"<p align=\"start\">Caracter\u00edsticas:<\/p>\n<p align=\"start\">* Excelente material: el juego de Matcha est\u00e1 hecho de bamb\u00fa y cer\u00e1mica de alta calidad, seguro y confiable de usar.<\/p>\n<p align=\"start\">* Cuchara de t\u00e9: detalles de la cabeza de la cuchara de t\u00e9 \u00e1ngulo de flexi\u00f3n para facilitar el t\u00e9 en el taz\u00f3n.<\/p>\n<p align=\"start\">* Ahorre espacio: el juego de Matcha es peque\u00f1o y ligero, por lo que no ocupar\u00e1 demasiado espacio en el escritorio.<\/p>\n<p align=\"start\">* Amplia gama de usos: las herramientas para hacer t\u00e9 se pueden usar en muchos lugares, como hogares, tiendas de bebidas, etc.<\/p>\n<p align=\"start\">* Necesidades: la herramienta para hacer t\u00e9 es uno de los accesorios esenciales para hacer Matcha, por lo que podemos comprar uno con confianza.<\/p>\n<p align=\"start\">* Adecuado para la multitud: este juego de t\u00e9 puede ser utilizado por fabricantes de t\u00e9 profesionales y tambi\u00e9n es muy amigable para las personas que est\u00e1n empezando a aprender.<\/p>\n<p align=\"start\">Especificaci\u00f3n:<\/p>\n<p align=\"start\">Nombre: Juego de licuadora Matcha<\/p>\n<p align=\"start\">Material: cer\u00e1mica + Bamb\u00fa<\/p>\n<p align=\"start\">Capacidad del Taz\u00f3n de t\u00e9: aproximadamente 500ml<\/p>\n<p align=\"start\">Tama\u00f1o del Taz\u00f3n de t\u00e9: 14 .5*7,5 cm<\/p>\n<p align=\"start\">Tama\u00f1o del soporte de t\u00e9: 5,5&#215;6,3 cm<\/p>\n<p align=\"start\">Tama\u00f1o del cepillo de t\u00e9: 10*5,7 cm\/3,94 &#8220;* 2,24&#8221;<\/p>\n<p align=\"start\">Longitud DE LA cucharadita: 17,5 cm\/6,89&#8243;<\/p>\n<p align=\"start\">Embalaje incluido:<\/p>\n<p align=\"start\">1 x Juego de licuadora Matcha (4\/7 piezas)<\/p>\n<p align=\"start\">Nota:<\/p>\n<p align=\"start\">1. Debido a las mediciones manuales y ligeras variaciones de color, permita una diferencia de 1-3 cm (0,4-1,18 pulgadas) para adaptarse a diferentes configuraciones de pantalla.<\/p>\n<p align=\"start\">2. Debido a la diferencia de luz y pantalla, el color del art\u00edculo puede ser ligeramente diferente al de las im\u00e1genes. Por favor, comprenda<\/p>\n<p><img decoding=\"async\" class=\"img-responsive\" src=\"https:\/\/ae01.alicdn.com\/kf\/Se312d193f2e5452ea20a80d011d156f6x.jpg\" \/><img decoding=\"async\" class=\"img-responsive\" src=\"https:\/\/ae01.alicdn.com\/kf\/S90b399e5ef1b45119ad2adcab701a157O.jpg\" \/><img decoding=\"async\" class=\"img-responsive\" src=\"https:\/\/ae01.alicdn.com\/kf\/Saa8043e8994e4267af4f1cf6c7a6bf68v.jpg\" \/><img decoding=\"async\" class=\"img-responsive\" src=\"https:\/\/ae01.alicdn.com\/kf\/S55c87a8337d743d88f0eb09ec29ecea9z.jpg\" \/><img decoding=\"async\" class=\"img-responsive\" src=\"https:\/\/ae01.alicdn.com\/kf\/S4c38e1fc56a84f6d9a8d76da3e1fb7b31.jpg\" \/><img decoding=\"async\" class=\"img-responsive\" src=\"https:\/\/ae01.alicdn.com\/kf\/Sf43b682b9a2d4a64ac6aa1a8c6fdeb55d.jpg\" \/><img decoding=\"async\" class=\"img-responsive\" src=\"https:\/\/ae01.alicdn.com\/kf\/Se6d61921c82646b6b0918805c7b298d4y.jpg\" \/><img decoding=\"async\" class=\"img-responsive\" src=\"https:\/\/ae01.alicdn.com\/kf\/S03dafef330dc42e6aea25584b393cc23B.jpg\" \/><img decoding=\"async\" class=\"img-responsive\" src=\"https:\/\/ae01.alicdn.com\/kf\/S7d789a7c024b467f9b774d2f2dcf2b3bd.jpg\" \/><img decoding=\"async\" class=\"img-responsive\" src=\"https:\/\/ae01.alicdn.com\/kf\/S2d571e04fdaa40168eaa002411ea0c18L.jpg\" \/><img decoding=\"async\" class=\"img-responsive\" src=\"https:\/\/ae01.alicdn.com\/kf\/Sc7268605a4df49b79b9989cf6703a713y.jpg\" \/><img decoding=\"async\" class=\"img-responsive\" src=\"https:\/\/ae01.alicdn.com\/kf\/Sc459ab0c7bf94b618911ae33cbec0de7p.jpg\" \/><img decoding=\"async\" class=\"img-responsive\" src=\"https:\/\/ae01.alicdn.com\/kf\/S6d9219ee407a423cbafe5a9b9f8d629de.jpg\" \/><img decoding=\"async\" class=\"img-responsive\" src=\"https:\/\/ae01.alicdn.com\/kf\/S332ae8f991324daf82afddb5dc142124S.jpg\" \/><img decoding=\"async\" class=\"img-responsive\" src=\"https:\/\/ae01.alicdn.com\/kf\/S5dff25345de44d2ebde8666cb5ec8d47Q.jpg\" \/><img decoding=\"async\" class=\"img-responsive\" src=\"https:\/\/ae01.alicdn.com\/kf\/S0deadc4942824740997059801f93bcc7k.jpg\" \/><img decoding=\"async\" class=\"img-responsive\" src=\"https:\/\/ae01.alicdn.com\/kf\/Sec1a25f6caef41b9bbd94d80caa60188c.jpg\" \/><img decoding=\"async\" class=\"img-responsive\" src=\"https:\/\/ae01.alicdn.com\/kf\/S2dc9fea2e714425c802d3b1b8403e97cI.jpg\" \/><\/p>\n<p>&nbsp;<\/p>\n<p><img decoding=\"async\" class=\"img-responsive\" src=\"https:\/\/ae01.alicdn.com\/kf\/Se312d193f2e5452ea20a80d011d156f6x.jpg\" \/><\/p>\n<p><img decoding=\"async\" class=\"img-responsive\" src=\"https:\/\/ae01.alicdn.com\/kf\/S90b399e5ef1b45119ad2adcab701a157O.jpg\" \/><\/p>\n<p><img decoding=\"async\" class=\"img-responsive\" src=\"https:\/\/ae01.alicdn.com\/kf\/Saa8043e8994e4267af4f1cf6c7a6bf68v.jpg\" \/><\/p>\n<p><img decoding=\"async\" class=\"img-responsive\" src=\"https:\/\/ae01.alicdn.com\/kf\/S55c87a8337d743d88f0eb09ec29ecea9z.jpg\" \/><\/p>\n<p><img decoding=\"async\" class=\"img-responsive\" src=\"https:\/\/ae01.alicdn.com\/kf\/S4c38e1fc56a84f6d9a8d76da3e1fb7b31.jpg\" \/><\/p>\n<p><img decoding=\"async\" class=\"img-responsive\" src=\"https:\/\/ae01.alicdn.com\/kf\/Sf43b682b9a2d4a64ac6aa1a8c6fdeb55d.jpg\" \/><\/p>\n<p><img decoding=\"async\" class=\"img-responsive\" src=\"https:\/\/ae01.alicdn.com\/kf\/Se6d61921c82646b6b0918805c7b298d4y.jpg\" \/><\/p>\n<p><img decoding=\"async\" class=\"img-responsive\" src=\"https:\/\/ae01.alicdn.com\/kf\/S03dafef330dc42e6aea25584b393cc23B.jpg\" \/><\/p>\n<p><img decoding=\"async\" class=\"img-responsive\" src=\"https:\/\/ae01.alicdn.com\/kf\/S7d789a7c024b467f9b774d2f2dcf2b3bd.jpg\" \/><\/p>\n<p><img decoding=\"async\" class=\"img-responsive\" src=\"https:\/\/ae01.alicdn.com\/kf\/S2d571e04fdaa40168eaa002411ea0c18L.jpg\" \/><\/p>\n<p><img decoding=\"async\" class=\"img-responsive\" src=\"https:\/\/ae01.alicdn.com\/kf\/Sc7268605a4df49b79b9989cf6703a713y.jpg\" \/><\/p>\n<p><img decoding=\"async\" class=\"img-responsive\" src=\"https:\/\/ae01.alicdn.com\/kf\/Sc459ab0c7bf94b618911ae33cbec0de7p.jpg\" \/><\/p>\n<p><img decoding=\"async\" class=\"img-responsive\" src=\"https:\/\/ae01.alicdn.com\/kf\/S6d9219ee407a423cbafe5a9b9f8d629de.jpg\" \/><\/p>\n<p><img decoding=\"async\" class=\"img-responsive\" src=\"https:\/\/ae01.alicdn.com\/kf\/S332ae8f991324daf82afddb5dc142124S.jpg\" \/><\/p>\n<p><img decoding=\"async\" class=\"img-responsive\" src=\"https:\/\/ae01.alicdn.com\/kf\/S5dff25345de44d2ebde8666cb5ec8d47Q.jpg\" \/><\/p>\n<p><img decoding=\"async\" class=\"img-responsive\" src=\"https:\/\/ae01.alicdn.com\/kf\/S0deadc4942824740997059801f93bcc7k.jpg\" \/><\/p>\n<p><img decoding=\"async\" class=\"img-responsive\" src=\"https:\/\/ae01.alicdn.com\/kf\/Sec1a25f6caef41b9bbd94d80caa60188c.jpg\" \/><\/p>\n<p><img decoding=\"async\" class=\"img-responsive\" src=\"https:\/\/ae01.alicdn.com\/kf\/S2dc9fea2e714425c802d3b1b8403e97cI.jpg\" \/><\/p>\n<p>&nbsp;<\/p>","protected":false},"excerpt":{"rendered":"<p>Caracter\u00edsticas: * Excelente material: el juego de Matcha est\u00e1 hecho de bamb\u00fa y cer\u00e1mica de alta calidad, seguro y confiable [&hellip;]<\/p>","protected":false},"featured_media":1620,"comment_status":"open","ping_status":"closed","template":"","meta":{"_uag_custom_page_level_css":"","site-sidebar-layout":"default","site-content-layout":"","ast-site-content-layout":"default","site-content-style":"default","site-sidebar-style":"default","ast-global-header-display":"","ast-banner-title-visibility":"","ast-main-header-display":"","ast-hfb-above-header-display":"","ast-hfb-below-header-display":"","ast-hfb-mobile-header-display":"","site-post-title":"","ast-breadcrumbs-content":"","ast-featured-img":"","footer-sml-layout":"","theme-transparent-header-meta":"default","adv-header-id-meta":"","stick-header-meta":"","header-above-stick-meta":"","header-main-stick-meta":"","header-below-stick-meta":"","astra-migrate-meta-layouts":"set","ast-page-background-enabled":"default","ast-page-background-meta":{"desktop":{"background-color":"var(--ast-global-color-4)","background-image":"","background-repeat":"repeat","background-position":"center center","background-size":"auto","background-attachment":"scroll","background-type":"","background-media":"","overlay-type":"","overlay-color":"","overlay-opacity":"","overlay-gradient":""},"tablet":{"background-color":"","background-image":"","background-repeat":"repeat","background-position":"center center","background-size":"auto","background-attachment":"scroll","background-type":"","background-media":"","overlay-type":"","overlay-color":"","overlay-opacity":"","overlay-gradient":""},"mobile":{"background-color":"","background-image":"","background-repeat":"repeat","background-position":"center center","background-size":"auto","background-attachment":"scroll","background-type":"","background-media":"","overlay-type":"","overlay-color":"","overlay-opacity":"","overlay-gradient":""}},"ast-content-background-meta":{"desktop":{"background-color":"var(--ast-global-color-5)","background-image":"","background-repeat":"repeat","background-position":"center center","background-size":"auto","background-attachment":"scroll","background-type":"","background-media":"","overlay-type":"","overlay-color":"","overlay-opacity":"","overlay-gradient":""},"tablet":{"background-color":"var(--ast-global-color-5)","background-image":"","background-repeat":"repeat","background-position":"center center","background-size":"auto","background-attachment":"scroll","background-type":"","background-media":"","overlay-type":"","overlay-color":"","overlay-opacity":"","overlay-gradient":""},"mobile":{"background-color":"var(--ast-global-color-5)","background-image":"","background-repeat":"repeat","background-position":"center center","background-size":"auto","background-attachment":"scroll","background-type":"","background-media":"","overlay-type":"","overlay-color":"","overlay-opacity":"","overlay-gradient":""}}},"product_cat":[45],"product_tag":[44,38],"class_list":{"0":"post-1619","1":"product","2":"type-product","3":"status-publish","4":"has-post-thumbnail","6":"product_cat-accesorios-para-el-te-matcha","7":"product_tag-accesorios-te-matcha","8":"product_tag-te-matcha","9":"desktop-align-left","10":"tablet-align-left","11":"mobile-align-left","13":"first","14":"instock","15":"shipping-taxable","16":"product-type-external"},"yoast_head":"<!-- This site is optimized with the Yoast SEO Premium plugin v22.5 (Yoast SEO v23.7) - https:\/\/yoast.com\/wordpress\/plugins\/seo\/ -->\n<title>Caja de regalo japonesa de 7 Uds., 4 Uds., juego de accesorios de t\u00e9 matcha (Varios modelos) - Atsumi Naturals<\/title>\n<meta name=\"robots\" content=\"index, follow, max-snippet:-1, max-image-preview:large, max-video-preview:-1\" \/>\n<link rel=\"canonical\" href=\"https:\/\/atsuminaturals.com\/en\/product\/caja-de-regalo-japonesa-de-7-uds-4-uds-juego-de-accesorios-de-te-matcha\/\" \/>\n<meta property=\"og:locale\" content=\"en_GB\" \/>\n<meta property=\"og:type\" content=\"article\" \/>\n<meta property=\"og:title\" content=\"Caja de regalo japonesa de 7 Uds., 4 Uds., juego de accesorios de t\u00e9 matcha (Varios modelos)\" \/>\n<meta property=\"og:description\" content=\"Caracter\u00edsticas: * Excelente material: el juego de Matcha est\u00e1 hecho de bamb\u00fa y cer\u00e1mica de alta calidad, seguro y confiable [&hellip;]\" \/>\n<meta property=\"og:url\" content=\"https:\/\/atsuminaturals.com\/en\/product\/caja-de-regalo-japonesa-de-7-uds-4-uds-juego-de-accesorios-de-te-matcha\/\" \/>\n<meta property=\"og:site_name\" content=\"Atsumi Naturals\" \/>\n<meta property=\"article:modified_time\" content=\"2026-05-10T00:03:02+00:00\" \/>\n<meta property=\"og:image\" content=\"https:\/\/ae01.alicdn.com\/kf\/S45a2248d2d634b9d98ef5f5ff5b69e5fp\/Caja-de-regalo-japonesa-de-7-Uds-4-Uds-juego-Matcha-batidor-de-bamb-seguro-cucharadita.jpg\" \/>\n\t<meta property=\"og:image:width\" content=\"800\" \/>\n\t<meta property=\"og:image:height\" content=\"800\" \/>\n\t<meta property=\"og:image:type\" content=\"image\/jpeg\" \/>\n<meta name=\"twitter:card\" content=\"summary_large_image\" \/>\n<meta name=\"twitter:site\" content=\"@AtsumiNaturals\" \/>\n<meta name=\"twitter:label1\" content=\"Price\" \/>\n\t<meta name=\"twitter:data1\" content=\"20,87&nbsp;&euro;\" \/>\n\t<meta name=\"twitter:label2\" content=\"Availability\" \/>\n\t<meta name=\"twitter:data2\" content=\"In stock\" \/>\n<script type=\"application\/ld+json\" class=\"yoast-schema-graph\">{\"@context\":\"https:\/\/schema.org\",\"@graph\":[{\"@type\":\"WebPage\",\"@id\":\"https:\/\/atsuminaturals.com\/product\/caja-de-regalo-japonesa-de-7-uds-4-uds-juego-de-accesorios-de-te-matcha\/\",\"url\":\"https:\/\/atsuminaturals.com\/product\/caja-de-regalo-japonesa-de-7-uds-4-uds-juego-de-accesorios-de-te-matcha\/\",\"name\":\"Caja de regalo japonesa de 7 Uds., 4 Uds., juego de accesorios de t\u00e9 matcha (Varios modelos) - Atsumi Naturals\",\"isPartOf\":{\"@id\":\"https:\/\/atsuminaturals.com\/#website\"},\"primaryImageOfPage\":{\"@id\":\"https:\/\/atsuminaturals.com\/product\/caja-de-regalo-japonesa-de-7-uds-4-uds-juego-de-accesorios-de-te-matcha\/#primaryimage\"},\"image\":{\"@id\":\"https:\/\/atsuminaturals.com\/product\/caja-de-regalo-japonesa-de-7-uds-4-uds-juego-de-accesorios-de-te-matcha\/#primaryimage\"},\"thumbnailUrl\":\"https:\/\/ae01.alicdn.com\/kf\/S45a2248d2d634b9d98ef5f5ff5b69e5fp\/Caja-de-regalo-japonesa-de-7-Uds-4-Uds-juego-Matcha-batidor-de-bamb-seguro-cucharadita.jpg\",\"datePublished\":\"2025-01-26T18:50:29+00:00\",\"dateModified\":\"2026-05-10T00:03:02+00:00\",\"breadcrumb\":{\"@id\":\"https:\/\/atsuminaturals.com\/product\/caja-de-regalo-japonesa-de-7-uds-4-uds-juego-de-accesorios-de-te-matcha\/#breadcrumb\"},\"inLanguage\":\"en-GB\",\"potentialAction\":[{\"@type\":\"ReadAction\",\"target\":[\"https:\/\/atsuminaturals.com\/product\/caja-de-regalo-japonesa-de-7-uds-4-uds-juego-de-accesorios-de-te-matcha\/\"]}]},{\"@type\":\"ImageObject\",\"inLanguage\":\"en-GB\",\"@id\":\"https:\/\/atsuminaturals.com\/product\/caja-de-regalo-japonesa-de-7-uds-4-uds-juego-de-accesorios-de-te-matcha\/#primaryimage\",\"url\":\"https:\/\/ae01.alicdn.com\/kf\/S45a2248d2d634b9d98ef5f5ff5b69e5fp\/Caja-de-regalo-japonesa-de-7-Uds-4-Uds-juego-Matcha-batidor-de-bamb-seguro-cucharadita.jpg\",\"contentUrl\":\"https:\/\/ae01.alicdn.com\/kf\/S45a2248d2d634b9d98ef5f5ff5b69e5fp\/Caja-de-regalo-japonesa-de-7-Uds-4-Uds-juego-Matcha-batidor-de-bamb-seguro-cucharadita.jpg\",\"width\":800,\"height\":800,\"caption\":\"Caja de regalo japonesa de 7 Uds., 4 Uds., juego de accesorios de t\u00e9 matcha 1\"},{\"@type\":\"BreadcrumbList\",\"@id\":\"https:\/\/atsuminaturals.com\/product\/caja-de-regalo-japonesa-de-7-uds-4-uds-juego-de-accesorios-de-te-matcha\/#breadcrumb\",\"itemListElement\":[{\"@type\":\"ListItem\",\"position\":1,\"name\":\"Portada\",\"item\":\"https:\/\/atsuminaturals.com\/\"},{\"@type\":\"ListItem\",\"position\":2,\"name\":\"Tienda\",\"item\":\"https:\/\/atsuminaturals.com\/tienda\/\"},{\"@type\":\"ListItem\",\"position\":3,\"name\":\"Caja de regalo japonesa de 7 Uds., 4 Uds., juego de accesorios de t\u00e9 matcha (Varios modelos)\"}]},{\"@type\":\"WebSite\",\"@id\":\"https:\/\/atsuminaturals.com\/#website\",\"url\":\"https:\/\/atsuminaturals.com\/\",\"name\":\"Atsumi Naturals\",\"description\":\"\",\"publisher\":{\"@id\":\"https:\/\/atsuminaturals.com\/#organization\"},\"potentialAction\":[{\"@type\":\"SearchAction\",\"target\":{\"@type\":\"EntryPoint\",\"urlTemplate\":\"https:\/\/atsuminaturals.com\/?s={search_term_string}\"},\"query-input\":{\"@type\":\"PropertyValueSpecification\",\"valueRequired\":true,\"valueName\":\"search_term_string\"}}],\"inLanguage\":\"en-GB\"},{\"@type\":[\"Organization\",\"Place\"],\"@id\":\"https:\/\/atsuminaturals.com\/#organization\",\"name\":\"Atsumi Naturals\",\"url\":\"https:\/\/atsuminaturals.com\/\",\"logo\":{\"@id\":\"https:\/\/atsuminaturals.com\/product\/caja-de-regalo-japonesa-de-7-uds-4-uds-juego-de-accesorios-de-te-matcha\/#local-main-organization-logo\"},\"image\":{\"@id\":\"https:\/\/atsuminaturals.com\/product\/caja-de-regalo-japonesa-de-7-uds-4-uds-juego-de-accesorios-de-te-matcha\/#local-main-organization-logo\"},\"sameAs\":[\"https:\/\/x.com\/AtsumiNaturals\",\"https:\/\/instagram.com\/AtsumiNaturals\"],\"openingHoursSpecification\":[{\"@type\":\"OpeningHoursSpecification\",\"dayOfWeek\":[\"Monday\",\"Tuesday\",\"Wednesday\",\"Thursday\",\"Friday\",\"Saturday\",\"Sunday\"],\"opens\":\"09:00\",\"closes\":\"17:00\"}]},{\"@type\":\"ImageObject\",\"inLanguage\":\"en-GB\",\"@id\":\"https:\/\/atsuminaturals.com\/product\/caja-de-regalo-japonesa-de-7-uds-4-uds-juego-de-accesorios-de-te-matcha\/#local-main-organization-logo\",\"url\":\"https:\/\/atsuminaturals.com\/wp-content\/uploads\/2024\/09\/cropped-atsumu-naturals-logo-no-background.webp\",\"contentUrl\":\"https:\/\/atsuminaturals.com\/wp-content\/uploads\/2024\/09\/cropped-atsumu-naturals-logo-no-background.webp\",\"width\":729,\"height\":749,\"caption\":\"Atsumi Naturals\"}]}<\/script>\n<meta property=\"product:price:amount\" content=\"20.87\" \/>\n<meta property=\"product:price:currency\" content=\"EUR\" \/>\n<meta property=\"og:availability\" content=\"instock\" \/>\n<meta property=\"product:availability\" content=\"instock\" \/>\n<meta property=\"product:retailer_item_id\" content=\"S163Q5TL7N3X\" \/>\n<meta property=\"product:condition\" content=\"new\" \/>\n<!-- \/ Yoast SEO Premium plugin. -->","yoast_head_json":{"title":"Caja de regalo japonesa de 7 Uds., 4 Uds., juego de accesorios de t\u00e9 matcha (Varios modelos) - Atsumi Naturals","robots":{"index":"index","follow":"follow","max-snippet":"max-snippet:-1","max-image-preview":"max-image-preview:large","max-video-preview":"max-video-preview:-1"},"canonical":"https:\/\/atsuminaturals.com\/en\/product\/caja-de-regalo-japonesa-de-7-uds-4-uds-juego-de-accesorios-de-te-matcha\/","og_locale":"en_GB","og_type":"article","og_title":"Caja de regalo japonesa de 7 Uds., 4 Uds., juego de accesorios de t\u00e9 matcha (Varios modelos)","og_description":"Caracter\u00edsticas: * Excelente material: el juego de Matcha est\u00e1 hecho de bamb\u00fa y cer\u00e1mica de alta calidad, seguro y confiable [&hellip;]","og_url":"https:\/\/atsuminaturals.com\/en\/product\/caja-de-regalo-japonesa-de-7-uds-4-uds-juego-de-accesorios-de-te-matcha\/","og_site_name":"Atsumi Naturals","article_modified_time":"2026-05-10T00:03:02+00:00","og_image":[{"width":800,"height":800,"url":"https:\/\/ae01.alicdn.com\/kf\/S45a2248d2d634b9d98ef5f5ff5b69e5fp\/Caja-de-regalo-japonesa-de-7-Uds-4-Uds-juego-Matcha-batidor-de-bamb-seguro-cucharadita.jpg","type":"image\/jpeg"}],"twitter_card":"summary_large_image","twitter_site":"@AtsumiNaturals","twitter_misc":{"Price":"20,87&nbsp;&euro;","Availability":"In stock"},"schema":{"@context":"https:\/\/schema.org","@graph":[{"@type":"WebPage","@id":"https:\/\/atsuminaturals.com\/product\/caja-de-regalo-japonesa-de-7-uds-4-uds-juego-de-accesorios-de-te-matcha\/","url":"https:\/\/atsuminaturals.com\/product\/caja-de-regalo-japonesa-de-7-uds-4-uds-juego-de-accesorios-de-te-matcha\/","name":"Caja de regalo japonesa de 7 Uds., 4 Uds., juego de accesorios de t\u00e9 matcha (Varios modelos) - Atsumi Naturals","isPartOf":{"@id":"https:\/\/atsuminaturals.com\/#website"},"primaryImageOfPage":{"@id":"https:\/\/atsuminaturals.com\/product\/caja-de-regalo-japonesa-de-7-uds-4-uds-juego-de-accesorios-de-te-matcha\/#primaryimage"},"image":{"@id":"https:\/\/atsuminaturals.com\/product\/caja-de-regalo-japonesa-de-7-uds-4-uds-juego-de-accesorios-de-te-matcha\/#primaryimage"},"thumbnailUrl":"https:\/\/ae01.alicdn.com\/kf\/S45a2248d2d634b9d98ef5f5ff5b69e5fp\/Caja-de-regalo-japonesa-de-7-Uds-4-Uds-juego-Matcha-batidor-de-bamb-seguro-cucharadita.jpg","datePublished":"2025-01-26T18:50:29+00:00","dateModified":"2026-05-10T00:03:02+00:00","breadcrumb":{"@id":"https:\/\/atsuminaturals.com\/product\/caja-de-regalo-japonesa-de-7-uds-4-uds-juego-de-accesorios-de-te-matcha\/#breadcrumb"},"inLanguage":"en-GB","potentialAction":[{"@type":"ReadAction","target":["https:\/\/atsuminaturals.com\/product\/caja-de-regalo-japonesa-de-7-uds-4-uds-juego-de-accesorios-de-te-matcha\/"]}]},{"@type":"ImageObject","inLanguage":"en-GB","@id":"https:\/\/atsuminaturals.com\/product\/caja-de-regalo-japonesa-de-7-uds-4-uds-juego-de-accesorios-de-te-matcha\/#primaryimage","url":"https:\/\/ae01.alicdn.com\/kf\/S45a2248d2d634b9d98ef5f5ff5b69e5fp\/Caja-de-regalo-japonesa-de-7-Uds-4-Uds-juego-Matcha-batidor-de-bamb-seguro-cucharadita.jpg","contentUrl":"https:\/\/ae01.alicdn.com\/kf\/S45a2248d2d634b9d98ef5f5ff5b69e5fp\/Caja-de-regalo-japonesa-de-7-Uds-4-Uds-juego-Matcha-batidor-de-bamb-seguro-cucharadita.jpg","width":800,"height":800,"caption":"Caja de regalo japonesa de 7 Uds., 4 Uds., juego de accesorios de t\u00e9 matcha 1"},{"@type":"BreadcrumbList","@id":"https:\/\/atsuminaturals.com\/product\/caja-de-regalo-japonesa-de-7-uds-4-uds-juego-de-accesorios-de-te-matcha\/#breadcrumb","itemListElement":[{"@type":"ListItem","position":1,"name":"Portada","item":"https:\/\/atsuminaturals.com\/"},{"@type":"ListItem","position":2,"name":"Tienda","item":"https:\/\/atsuminaturals.com\/tienda\/"},{"@type":"ListItem","position":3,"name":"Caja de regalo japonesa de 7 Uds., 4 Uds., juego de accesorios de t\u00e9 matcha (Varios modelos)"}]},{"@type":"WebSite","@id":"https:\/\/atsuminaturals.com\/#website","url":"https:\/\/atsuminaturals.com\/","name":"Atsumi Naturals","description":"","publisher":{"@id":"https:\/\/atsuminaturals.com\/#organization"},"potentialAction":[{"@type":"SearchAction","target":{"@type":"EntryPoint","urlTemplate":"https:\/\/atsuminaturals.com\/?s={search_term_string}"},"query-input":{"@type":"PropertyValueSpecification","valueRequired":true,"valueName":"search_term_string"}}],"inLanguage":"en-GB"},{"@type":["Organization","Place"],"@id":"https:\/\/atsuminaturals.com\/#organization","name":"Atsumi Naturals","url":"https:\/\/atsuminaturals.com\/","logo":{"@id":"https:\/\/atsuminaturals.com\/product\/caja-de-regalo-japonesa-de-7-uds-4-uds-juego-de-accesorios-de-te-matcha\/#local-main-organization-logo"},"image":{"@id":"https:\/\/atsuminaturals.com\/product\/caja-de-regalo-japonesa-de-7-uds-4-uds-juego-de-accesorios-de-te-matcha\/#local-main-organization-logo"},"sameAs":["https:\/\/x.com\/AtsumiNaturals","https:\/\/instagram.com\/AtsumiNaturals"],"openingHoursSpecification":[{"@type":"OpeningHoursSpecification","dayOfWeek":["Monday","Tuesday","Wednesday","Thursday","Friday","Saturday","Sunday"],"opens":"09:00","closes":"17:00"}]},{"@type":"ImageObject","inLanguage":"en-GB","@id":"https:\/\/atsuminaturals.com\/product\/caja-de-regalo-japonesa-de-7-uds-4-uds-juego-de-accesorios-de-te-matcha\/#local-main-organization-logo","url":"https:\/\/atsuminaturals.com\/wp-content\/uploads\/2024\/09\/cropped-atsumu-naturals-logo-no-background.webp","contentUrl":"https:\/\/atsuminaturals.com\/wp-content\/uploads\/2024\/09\/cropped-atsumu-naturals-logo-no-background.webp","width":729,"height":749,"caption":"Atsumi Naturals"}]},"product_price_amount":"20.87","product_price_currency":"EUR","og_availability":"instock","product_availability":"instock","product_retailer_item_id":"S163Q5TL7N3X","product_condition":"new"},"uagb_featured_image_src":{"full":["https:\/\/ae01.alicdn.com\/kf\/S45a2248d2d634b9d98ef5f5ff5b69e5fp\/Caja-de-regalo-japonesa-de-7-Uds-4-Uds-juego-Matcha-batidor-de-bamb-seguro-cucharadita.jpg",800,800,false],"thumbnail":["https:\/\/ae01.alicdn.com\/kf\/S45a2248d2d634b9d98ef5f5ff5b69e5fp\/Caja-de-regalo-japonesa-de-7-Uds-4-Uds-juego-Matcha-batidor-de-bamb-seguro-cucharadita.jpg_200x200.jpg",150,150,true],"medium":["https:\/\/ae01.alicdn.com\/kf\/S45a2248d2d634b9d98ef5f5ff5b69e5fp\/Caja-de-regalo-japonesa-de-7-Uds-4-Uds-juego-Matcha-batidor-de-bamb-seguro-cucharadita.jpg_350x350.jpg",300,300,true],"medium_large":["https:\/\/ae01.alicdn.com\/kf\/S45a2248d2d634b9d98ef5f5ff5b69e5fp\/Caja-de-regalo-japonesa-de-7-Uds-4-Uds-juego-Matcha-batidor-de-bamb-seguro-cucharadita.jpg",768,768,true],"large":["https:\/\/ae01.alicdn.com\/kf\/S45a2248d2d634b9d98ef5f5ff5b69e5fp\/Caja-de-regalo-japonesa-de-7-Uds-4-Uds-juego-Matcha-batidor-de-bamb-seguro-cucharadita.jpg",800,800,true],"1536x1536":["https:\/\/ae01.alicdn.com\/kf\/S45a2248d2d634b9d98ef5f5ff5b69e5fp\/Caja-de-regalo-japonesa-de-7-Uds-4-Uds-juego-Matcha-batidor-de-bamb-seguro-cucharadita.jpg",800,800,true],"2048x2048":["https:\/\/ae01.alicdn.com\/kf\/S45a2248d2d634b9d98ef5f5ff5b69e5fp\/Caja-de-regalo-japonesa-de-7-Uds-4-Uds-juego-Matcha-batidor-de-bamb-seguro-cucharadita.jpg",800,800,true],"trp-custom-language-flag":["https:\/\/ae01.alicdn.com\/kf\/S45a2248d2d634b9d98ef5f5ff5b69e5fp\/Caja-de-regalo-japonesa-de-7-Uds-4-Uds-juego-Matcha-batidor-de-bamb-seguro-cucharadita.jpg_50x50.jpg",12,12,true],"woocommerce_thumbnail":["https:\/\/ae01.alicdn.com\/kf\/S45a2248d2d634b9d98ef5f5ff5b69e5fp\/Caja-de-regalo-japonesa-de-7-Uds-4-Uds-juego-Matcha-batidor-de-bamb-seguro-cucharadita.jpg_350x350.jpg",300,300,true],"woocommerce_single":["https:\/\/ae01.alicdn.com\/kf\/S45a2248d2d634b9d98ef5f5ff5b69e5fp\/Caja-de-regalo-japonesa-de-7-Uds-4-Uds-juego-Matcha-batidor-de-bamb-seguro-cucharadita.jpg_640x640.jpg",600,600,true],"woocommerce_gallery_thumbnail":["https:\/\/ae01.alicdn.com\/kf\/S45a2248d2d634b9d98ef5f5ff5b69e5fp\/Caja-de-regalo-japonesa-de-7-Uds-4-Uds-juego-Matcha-batidor-de-bamb-seguro-cucharadita.jpg_100x100.jpg",100,100,true]},"uagb_author_info":{"display_name":"Atsumi Naturals","author_link":"https:\/\/atsuminaturals.com\/en\/author\/"},"uagb_comment_info":106,"uagb_excerpt":"Caracter\u00edsticas: * Excelente material: el juego de Matcha est\u00e1 hecho de bamb\u00fa y cer\u00e1mica de alta calidad, seguro y confiable [&hellip;]","_links":{"self":[{"href":"https:\/\/atsuminaturals.com\/en\/wp-json\/wp\/v2\/product\/1619"}],"collection":[{"href":"https:\/\/atsuminaturals.com\/en\/wp-json\/wp\/v2\/product"}],"about":[{"href":"https:\/\/atsuminaturals.com\/en\/wp-json\/wp\/v2\/types\/product"}],"replies":[{"embeddable":true,"href":"https:\/\/atsuminaturals.com\/en\/wp-json\/wp\/v2\/comments?post=1619"}],"wp:featuredmedia":[{"embeddable":true,"href":"https:\/\/atsuminaturals.com\/en\/wp-json\/wp\/v2\/media\/1620"}],"wp:attachment":[{"href":"https:\/\/atsuminaturals.com\/en\/wp-json\/wp\/v2\/media?parent=1619"}],"wp:term":[{"taxonomy":"product_cat","embeddable":true,"href":"https:\/\/atsuminaturals.com\/en\/wp-json\/wp\/v2\/product_cat?post=1619"},{"taxonomy":"product_tag","embeddable":true,"href":"https:\/\/atsuminaturals.com\/en\/wp-json\/wp\/v2\/product_tag?post=1619"}],"curies":[{"name":"wp","href":"https:\/\/api.w.org\/{rel}","templated":true}]}}