{"id":1609,"date":"2025-01-26T18:38:27","date_gmt":"2025-01-26T18:38:27","guid":{"rendered":"https:\/\/atsuminaturals.com\/?post_type=product&#038;p=1609"},"modified":"2025-01-26T18:54:20","modified_gmt":"2025-01-26T18:54:20","slug":"artemis-bio-matcha-chai-latte-60gr-bio-vegan","status":"publish","type":"product","link":"https:\/\/atsuminaturals.com\/en\/product\/artemis-bio-matcha-chai-latte-60gr-bio-vegan\/","title":{"rendered":"Artemis Bio Matcha Chai Latte 60Gr. Bio Vegan"},"content":{"rendered":"<p>Artemis Bio Matcha Chai Latte 60Gr. Bio Vegan<\/p>\n<p>&#8211; \u00a1Descubre el sabor exquisito y saludable de nuestro Artemis Bio Matcha Chai Latte!<br \/>\n&#8211; Mezcla perfecta de t\u00e9 con especias para a\u00f1adir a tu bebida favorita.<br \/>\n&#8211; Disfruta de una experiencia \u00fanica al agregar este producto a la leche o bebida vegetal de tu elecci\u00f3n.<br \/>\n&#8211; Te ofrece la cantidad exacta al gusto para que personalices cada taza seg\u00fan tus preferencias.<br \/>\n&#8211; Mant\u00e9n el envase bien cerrado en un lugar fresco, seco y protegido de la luz para conservar su frescura y calidad.<br \/>\n&#8211; Nuestro Matcha Chai Latte es de origen bio y vegano, lo que garantiza que est\u00e1 elaborado con ingredientes naturales y respetuosos con el medio ambiente.<br \/>\n&#8211; Del\u00e9itate con cada sorbo mientras disfrutas de los beneficios que el matcha y las especias aportan a tu organismo.<br \/>\n&#8211; Aumenta tus niveles de energ\u00eda, mejora tu concentraci\u00f3n y disfruta de una sensaci\u00f3n de bienestar con cada taza.<br \/>\n&#8211; No se han descrito efectos secundarios negativos al consumir este producto.<br \/>\n&#8211; A\u00f1ade Artemis Bio Matcha Chai Latte a tu rutina diaria y descubre una forma \u00fanica y deliciosa de disfrutar de tus bebidas.<\/p>\n<p>\u00a1Hazte con el tuyo hoy mismo y experimenta un nuevo nivel de sabor y bienestar!<\/p>\n<p>Artemis Bio Matcha Chai Latte 60Gr. Bio Vegan<\/p>\n<p>&#8211; \u00a1Descubre el sabor exquisito y saludable de nuestro Artemis Bio Matcha Chai Latte!<\/p>\n<p>&#8211; Mezcla perfecta de t\u00e9 con especias para a\u00f1adir a tu bebida favorita.<\/p>\n<p>&#8211; Disfruta de una experiencia \u00fanica al agregar este producto a la leche o bebida vegetal de tu elecci\u00f3n.<\/p>\n<p>&#8211; Te ofrece la cantidad exacta al gusto para que personalices cada taza seg\u00fan tus preferencias.<\/p>\n<p>&#8211; Mant\u00e9n el envase bien cerrado en un lugar fresco, seco y protegido de la luz para conservar su frescura y calidad.<\/p>\n<p>&#8211; Nuestro Matcha Chai Latte es de origen bio y vegano, lo que garantiza que est\u00e1 elaborado con ingredientes naturales y respetuosos con el medio ambiente.<\/p>\n<p>&#8211; Del\u00e9itate con cada sorbo mientras disfrutas de los beneficios que el matcha y las especias aportan a tu organismo.<\/p>\n<p>&#8211; Aumenta tus niveles de energ\u00eda, mejora tu concentraci\u00f3n y disfruta de una sensaci\u00f3n de bienestar con cada taza.<\/p>\n<p>&#8211; No se han descrito efectos secundarios negativos al consumir este producto.<\/p>\n<p>&#8211; A\u00f1ade Artemis Bio Matcha Chai Latte a tu rutina diaria y descubre una forma \u00fanica y deliciosa de disfrutar de tus bebidas.<\/p>\n<p>\u00a1Hazte con el tuyo hoy mismo y experimenta un nuevo nivel de sabor y bienestar!<\/p>","protected":false},"excerpt":{"rendered":"<p>Artemis Bio Matcha Chai Latte 60Gr. Bio Vegan &#8211; \u00a1Descubre el sabor exquisito y saludable de nuestro Artemis Bio Matcha [&hellip;]<\/p>","protected":false},"featured_media":1610,"comment_status":"open","ping_status":"closed","template":"","meta":{"_uag_custom_page_level_css":"","site-sidebar-layout":"default","site-content-layout":"","ast-site-content-layout":"default","site-content-style":"default","site-sidebar-style":"default","ast-global-header-display":"","ast-banner-title-visibility":"","ast-main-header-display":"","ast-hfb-above-header-display":"","ast-hfb-below-header-display":"","ast-hfb-mobile-header-display":"","site-post-title":"","ast-breadcrumbs-content":"","ast-featured-img":"","footer-sml-layout":"","theme-transparent-header-meta":"default","adv-header-id-meta":"","stick-header-meta":"","header-above-stick-meta":"","header-main-stick-meta":"","header-below-stick-meta":"","astra-migrate-meta-layouts":"set","ast-page-background-enabled":"default","ast-page-background-meta":{"desktop":{"background-color":"var(--ast-global-color-4)","background-image":"","background-repeat":"repeat","background-position":"center center","background-size":"auto","background-attachment":"scroll","background-type":"","background-media":"","overlay-type":"","overlay-color":"","overlay-opacity":"","overlay-gradient":""},"tablet":{"background-color":"","background-image":"","background-repeat":"repeat","background-position":"center center","background-size":"auto","background-attachment":"scroll","background-type":"","background-media":"","overlay-type":"","overlay-color":"","overlay-opacity":"","overlay-gradient":""},"mobile":{"background-color":"","background-image":"","background-repeat":"repeat","background-position":"center center","background-size":"auto","background-attachment":"scroll","background-type":"","background-media":"","overlay-type":"","overlay-color":"","overlay-opacity":"","overlay-gradient":""}},"ast-content-background-meta":{"desktop":{"background-color":"var(--ast-global-color-5)","background-image":"","background-repeat":"repeat","background-position":"center center","background-size":"auto","background-attachment":"scroll","background-type":"","background-media":"","overlay-type":"","overlay-color":"","overlay-opacity":"","overlay-gradient":""},"tablet":{"background-color":"var(--ast-global-color-5)","background-image":"","background-repeat":"repeat","background-position":"center center","background-size":"auto","background-attachment":"scroll","background-type":"","background-media":"","overlay-type":"","overlay-color":"","overlay-opacity":"","overlay-gradient":""},"mobile":{"background-color":"var(--ast-global-color-5)","background-image":"","background-repeat":"repeat","background-position":"center center","background-size":"auto","background-attachment":"scroll","background-type":"","background-media":"","overlay-type":"","overlay-color":"","overlay-opacity":"","overlay-gradient":""}}},"product_cat":[43,39],"product_tag":[42],"class_list":{"0":"post-1609","1":"product","2":"type-product","3":"status-publish","4":"has-post-thumbnail","6":"product_cat-te-chai","7":"product_cat-te-matcha","8":"product_tag-te-chai","9":"desktop-align-left","10":"tablet-align-left","11":"mobile-align-left","13":"first","14":"instock","15":"shipping-taxable","16":"product-type-external"},"yoast_head":"<!-- This site is optimized with the Yoast SEO Premium plugin v22.5 (Yoast SEO v23.7) - https:\/\/yoast.com\/wordpress\/plugins\/seo\/ -->\n<title>Artemis Bio Matcha Chai Latte 60Gr. Bio Vegan - Atsumi Naturals<\/title>\n<meta name=\"robots\" content=\"index, follow, max-snippet:-1, max-image-preview:large, max-video-preview:-1\" \/>\n<link rel=\"canonical\" href=\"https:\/\/atsuminaturals.com\/en\/product\/artemis-bio-matcha-chai-latte-60gr-bio-vegan\/\" \/>\n<meta property=\"og:locale\" content=\"en_GB\" \/>\n<meta property=\"og:type\" content=\"article\" \/>\n<meta property=\"og:title\" content=\"Artemis Bio Matcha Chai Latte 60Gr. Bio Vegan\" \/>\n<meta property=\"og:description\" content=\"Artemis Bio Matcha Chai Latte 60Gr. Bio Vegan &#8211; \u00a1Descubre el sabor exquisito y saludable de nuestro Artemis Bio Matcha [&hellip;]\" \/>\n<meta property=\"og:url\" content=\"https:\/\/atsuminaturals.com\/en\/product\/artemis-bio-matcha-chai-latte-60gr-bio-vegan\/\" \/>\n<meta property=\"og:site_name\" content=\"Atsumi Naturals\" \/>\n<meta property=\"article:modified_time\" content=\"2025-01-26T18:54:20+00:00\" \/>\n<meta property=\"og:image\" content=\"https:\/\/ae01.alicdn.com\/kf\/E931a4bfc7fab46168414938846819dbeZ\/Artemis-Bio-Matcha-Chai-Latte-60Gr-Bio-Vegan.jpg\" \/>\n\t<meta property=\"og:image:width\" content=\"800\" \/>\n\t<meta property=\"og:image:height\" content=\"800\" \/>\n\t<meta property=\"og:image:type\" content=\"image\/jpeg\" \/>\n<meta name=\"twitter:card\" content=\"summary_large_image\" \/>\n<meta name=\"twitter:site\" content=\"@AtsumiNaturals\" \/>\n<meta name=\"twitter:label1\" content=\"Price\" \/>\n\t<meta name=\"twitter:data1\" content=\"7,15&nbsp;&euro;\" \/>\n\t<meta name=\"twitter:label2\" content=\"Availability\" \/>\n\t<meta name=\"twitter:data2\" content=\"In stock\" \/>\n<script type=\"application\/ld+json\" class=\"yoast-schema-graph\">{\"@context\":\"https:\/\/schema.org\",\"@graph\":[{\"@type\":\"WebPage\",\"@id\":\"https:\/\/atsuminaturals.com\/product\/artemis-bio-matcha-chai-latte-60gr-bio-vegan\/\",\"url\":\"https:\/\/atsuminaturals.com\/product\/artemis-bio-matcha-chai-latte-60gr-bio-vegan\/\",\"name\":\"Artemis Bio Matcha Chai Latte 60Gr. Bio Vegan - Atsumi Naturals\",\"isPartOf\":{\"@id\":\"https:\/\/atsuminaturals.com\/#website\"},\"primaryImageOfPage\":{\"@id\":\"https:\/\/atsuminaturals.com\/product\/artemis-bio-matcha-chai-latte-60gr-bio-vegan\/#primaryimage\"},\"image\":{\"@id\":\"https:\/\/atsuminaturals.com\/product\/artemis-bio-matcha-chai-latte-60gr-bio-vegan\/#primaryimage\"},\"thumbnailUrl\":\"https:\/\/ae01.alicdn.com\/kf\/E931a4bfc7fab46168414938846819dbeZ\/Artemis-Bio-Matcha-Chai-Latte-60Gr-Bio-Vegan.jpg\",\"datePublished\":\"2025-01-26T18:38:27+00:00\",\"dateModified\":\"2025-01-26T18:54:20+00:00\",\"breadcrumb\":{\"@id\":\"https:\/\/atsuminaturals.com\/product\/artemis-bio-matcha-chai-latte-60gr-bio-vegan\/#breadcrumb\"},\"inLanguage\":\"en-GB\",\"potentialAction\":[{\"@type\":\"ReadAction\",\"target\":[\"https:\/\/atsuminaturals.com\/product\/artemis-bio-matcha-chai-latte-60gr-bio-vegan\/\"]}]},{\"@type\":\"ImageObject\",\"inLanguage\":\"en-GB\",\"@id\":\"https:\/\/atsuminaturals.com\/product\/artemis-bio-matcha-chai-latte-60gr-bio-vegan\/#primaryimage\",\"url\":\"https:\/\/ae01.alicdn.com\/kf\/E931a4bfc7fab46168414938846819dbeZ\/Artemis-Bio-Matcha-Chai-Latte-60Gr-Bio-Vegan.jpg\",\"contentUrl\":\"https:\/\/ae01.alicdn.com\/kf\/E931a4bfc7fab46168414938846819dbeZ\/Artemis-Bio-Matcha-Chai-Latte-60Gr-Bio-Vegan.jpg\",\"width\":800,\"height\":800,\"caption\":\"Artemis Bio Matcha Chai Latte 60Gr. Bio Vegan 1\"},{\"@type\":\"BreadcrumbList\",\"@id\":\"https:\/\/atsuminaturals.com\/product\/artemis-bio-matcha-chai-latte-60gr-bio-vegan\/#breadcrumb\",\"itemListElement\":[{\"@type\":\"ListItem\",\"position\":1,\"name\":\"Portada\",\"item\":\"https:\/\/atsuminaturals.com\/\"},{\"@type\":\"ListItem\",\"position\":2,\"name\":\"Tienda\",\"item\":\"https:\/\/atsuminaturals.com\/tienda\/\"},{\"@type\":\"ListItem\",\"position\":3,\"name\":\"Artemis Bio Matcha Chai Latte 60Gr. Bio Vegan\"}]},{\"@type\":\"WebSite\",\"@id\":\"https:\/\/atsuminaturals.com\/#website\",\"url\":\"https:\/\/atsuminaturals.com\/\",\"name\":\"Atsumi Naturals\",\"description\":\"\",\"publisher\":{\"@id\":\"https:\/\/atsuminaturals.com\/#organization\"},\"potentialAction\":[{\"@type\":\"SearchAction\",\"target\":{\"@type\":\"EntryPoint\",\"urlTemplate\":\"https:\/\/atsuminaturals.com\/?s={search_term_string}\"},\"query-input\":{\"@type\":\"PropertyValueSpecification\",\"valueRequired\":true,\"valueName\":\"search_term_string\"}}],\"inLanguage\":\"en-GB\"},{\"@type\":[\"Organization\",\"Place\"],\"@id\":\"https:\/\/atsuminaturals.com\/#organization\",\"name\":\"Atsumi Naturals\",\"url\":\"https:\/\/atsuminaturals.com\/\",\"logo\":{\"@id\":\"https:\/\/atsuminaturals.com\/product\/artemis-bio-matcha-chai-latte-60gr-bio-vegan\/#local-main-organization-logo\"},\"image\":{\"@id\":\"https:\/\/atsuminaturals.com\/product\/artemis-bio-matcha-chai-latte-60gr-bio-vegan\/#local-main-organization-logo\"},\"sameAs\":[\"https:\/\/x.com\/AtsumiNaturals\",\"https:\/\/instagram.com\/AtsumiNaturals\"],\"openingHoursSpecification\":[{\"@type\":\"OpeningHoursSpecification\",\"dayOfWeek\":[\"Monday\",\"Tuesday\",\"Wednesday\",\"Thursday\",\"Friday\",\"Saturday\",\"Sunday\"],\"opens\":\"09:00\",\"closes\":\"17:00\"}]},{\"@type\":\"ImageObject\",\"inLanguage\":\"en-GB\",\"@id\":\"https:\/\/atsuminaturals.com\/product\/artemis-bio-matcha-chai-latte-60gr-bio-vegan\/#local-main-organization-logo\",\"url\":\"https:\/\/atsuminaturals.com\/wp-content\/uploads\/2024\/09\/cropped-atsumu-naturals-logo-no-background.webp\",\"contentUrl\":\"https:\/\/atsuminaturals.com\/wp-content\/uploads\/2024\/09\/cropped-atsumu-naturals-logo-no-background.webp\",\"width\":729,\"height\":749,\"caption\":\"Atsumi Naturals\"}]}<\/script>\n<meta property=\"product:price:amount\" content=\"7.15\" \/>\n<meta property=\"product:price:currency\" content=\"EUR\" \/>\n<meta property=\"og:availability\" content=\"instock\" \/>\n<meta property=\"product:availability\" content=\"instock\" \/>\n<meta property=\"product:retailer_item_id\" content=\"84Y5A72Y5EEZ\" \/>\n<meta property=\"product:condition\" content=\"new\" \/>\n<!-- \/ Yoast SEO Premium plugin. -->","yoast_head_json":{"title":"Artemis Bio Matcha Chai Latte 60Gr. Bio Vegan - Atsumi Naturals","robots":{"index":"index","follow":"follow","max-snippet":"max-snippet:-1","max-image-preview":"max-image-preview:large","max-video-preview":"max-video-preview:-1"},"canonical":"https:\/\/atsuminaturals.com\/en\/product\/artemis-bio-matcha-chai-latte-60gr-bio-vegan\/","og_locale":"en_GB","og_type":"article","og_title":"Artemis Bio Matcha Chai Latte 60Gr. Bio Vegan","og_description":"Artemis Bio Matcha Chai Latte 60Gr. Bio Vegan &#8211; \u00a1Descubre el sabor exquisito y saludable de nuestro Artemis Bio Matcha [&hellip;]","og_url":"https:\/\/atsuminaturals.com\/en\/product\/artemis-bio-matcha-chai-latte-60gr-bio-vegan\/","og_site_name":"Atsumi Naturals","article_modified_time":"2025-01-26T18:54:20+00:00","og_image":[{"width":800,"height":800,"url":"https:\/\/ae01.alicdn.com\/kf\/E931a4bfc7fab46168414938846819dbeZ\/Artemis-Bio-Matcha-Chai-Latte-60Gr-Bio-Vegan.jpg","type":"image\/jpeg"}],"twitter_card":"summary_large_image","twitter_site":"@AtsumiNaturals","twitter_misc":{"Price":"7,15&nbsp;&euro;","Availability":"In stock"},"schema":{"@context":"https:\/\/schema.org","@graph":[{"@type":"WebPage","@id":"https:\/\/atsuminaturals.com\/product\/artemis-bio-matcha-chai-latte-60gr-bio-vegan\/","url":"https:\/\/atsuminaturals.com\/product\/artemis-bio-matcha-chai-latte-60gr-bio-vegan\/","name":"Artemis Bio Matcha Chai Latte 60Gr. Bio Vegan - Atsumi Naturals","isPartOf":{"@id":"https:\/\/atsuminaturals.com\/#website"},"primaryImageOfPage":{"@id":"https:\/\/atsuminaturals.com\/product\/artemis-bio-matcha-chai-latte-60gr-bio-vegan\/#primaryimage"},"image":{"@id":"https:\/\/atsuminaturals.com\/product\/artemis-bio-matcha-chai-latte-60gr-bio-vegan\/#primaryimage"},"thumbnailUrl":"https:\/\/ae01.alicdn.com\/kf\/E931a4bfc7fab46168414938846819dbeZ\/Artemis-Bio-Matcha-Chai-Latte-60Gr-Bio-Vegan.jpg","datePublished":"2025-01-26T18:38:27+00:00","dateModified":"2025-01-26T18:54:20+00:00","breadcrumb":{"@id":"https:\/\/atsuminaturals.com\/product\/artemis-bio-matcha-chai-latte-60gr-bio-vegan\/#breadcrumb"},"inLanguage":"en-GB","potentialAction":[{"@type":"ReadAction","target":["https:\/\/atsuminaturals.com\/product\/artemis-bio-matcha-chai-latte-60gr-bio-vegan\/"]}]},{"@type":"ImageObject","inLanguage":"en-GB","@id":"https:\/\/atsuminaturals.com\/product\/artemis-bio-matcha-chai-latte-60gr-bio-vegan\/#primaryimage","url":"https:\/\/ae01.alicdn.com\/kf\/E931a4bfc7fab46168414938846819dbeZ\/Artemis-Bio-Matcha-Chai-Latte-60Gr-Bio-Vegan.jpg","contentUrl":"https:\/\/ae01.alicdn.com\/kf\/E931a4bfc7fab46168414938846819dbeZ\/Artemis-Bio-Matcha-Chai-Latte-60Gr-Bio-Vegan.jpg","width":800,"height":800,"caption":"Artemis Bio Matcha Chai Latte 60Gr. Bio Vegan 1"},{"@type":"BreadcrumbList","@id":"https:\/\/atsuminaturals.com\/product\/artemis-bio-matcha-chai-latte-60gr-bio-vegan\/#breadcrumb","itemListElement":[{"@type":"ListItem","position":1,"name":"Portada","item":"https:\/\/atsuminaturals.com\/"},{"@type":"ListItem","position":2,"name":"Tienda","item":"https:\/\/atsuminaturals.com\/tienda\/"},{"@type":"ListItem","position":3,"name":"Artemis Bio Matcha Chai Latte 60Gr. Bio Vegan"}]},{"@type":"WebSite","@id":"https:\/\/atsuminaturals.com\/#website","url":"https:\/\/atsuminaturals.com\/","name":"Atsumi Naturals","description":"","publisher":{"@id":"https:\/\/atsuminaturals.com\/#organization"},"potentialAction":[{"@type":"SearchAction","target":{"@type":"EntryPoint","urlTemplate":"https:\/\/atsuminaturals.com\/?s={search_term_string}"},"query-input":{"@type":"PropertyValueSpecification","valueRequired":true,"valueName":"search_term_string"}}],"inLanguage":"en-GB"},{"@type":["Organization","Place"],"@id":"https:\/\/atsuminaturals.com\/#organization","name":"Atsumi Naturals","url":"https:\/\/atsuminaturals.com\/","logo":{"@id":"https:\/\/atsuminaturals.com\/product\/artemis-bio-matcha-chai-latte-60gr-bio-vegan\/#local-main-organization-logo"},"image":{"@id":"https:\/\/atsuminaturals.com\/product\/artemis-bio-matcha-chai-latte-60gr-bio-vegan\/#local-main-organization-logo"},"sameAs":["https:\/\/x.com\/AtsumiNaturals","https:\/\/instagram.com\/AtsumiNaturals"],"openingHoursSpecification":[{"@type":"OpeningHoursSpecification","dayOfWeek":["Monday","Tuesday","Wednesday","Thursday","Friday","Saturday","Sunday"],"opens":"09:00","closes":"17:00"}]},{"@type":"ImageObject","inLanguage":"en-GB","@id":"https:\/\/atsuminaturals.com\/product\/artemis-bio-matcha-chai-latte-60gr-bio-vegan\/#local-main-organization-logo","url":"https:\/\/atsuminaturals.com\/wp-content\/uploads\/2024\/09\/cropped-atsumu-naturals-logo-no-background.webp","contentUrl":"https:\/\/atsuminaturals.com\/wp-content\/uploads\/2024\/09\/cropped-atsumu-naturals-logo-no-background.webp","width":729,"height":749,"caption":"Atsumi Naturals"}]},"product_price_amount":"7.15","product_price_currency":"EUR","og_availability":"instock","product_availability":"instock","product_retailer_item_id":"84Y5A72Y5EEZ","product_condition":"new"},"uagb_featured_image_src":{"full":["https:\/\/ae01.alicdn.com\/kf\/E931a4bfc7fab46168414938846819dbeZ\/Artemis-Bio-Matcha-Chai-Latte-60Gr-Bio-Vegan.jpg",800,800,false],"thumbnail":["https:\/\/ae01.alicdn.com\/kf\/E931a4bfc7fab46168414938846819dbeZ\/Artemis-Bio-Matcha-Chai-Latte-60Gr-Bio-Vegan.jpg_200x200.jpg",150,150,true],"medium":["https:\/\/ae01.alicdn.com\/kf\/E931a4bfc7fab46168414938846819dbeZ\/Artemis-Bio-Matcha-Chai-Latte-60Gr-Bio-Vegan.jpg_350x350.jpg",300,300,true],"medium_large":["https:\/\/ae01.alicdn.com\/kf\/E931a4bfc7fab46168414938846819dbeZ\/Artemis-Bio-Matcha-Chai-Latte-60Gr-Bio-Vegan.jpg",768,768,true],"large":["https:\/\/ae01.alicdn.com\/kf\/E931a4bfc7fab46168414938846819dbeZ\/Artemis-Bio-Matcha-Chai-Latte-60Gr-Bio-Vegan.jpg",800,800,true],"1536x1536":["https:\/\/ae01.alicdn.com\/kf\/E931a4bfc7fab46168414938846819dbeZ\/Artemis-Bio-Matcha-Chai-Latte-60Gr-Bio-Vegan.jpg",800,800,true],"2048x2048":["https:\/\/ae01.alicdn.com\/kf\/E931a4bfc7fab46168414938846819dbeZ\/Artemis-Bio-Matcha-Chai-Latte-60Gr-Bio-Vegan.jpg",800,800,true],"trp-custom-language-flag":["https:\/\/ae01.alicdn.com\/kf\/E931a4bfc7fab46168414938846819dbeZ\/Artemis-Bio-Matcha-Chai-Latte-60Gr-Bio-Vegan.jpg_50x50.jpg",12,12,true],"woocommerce_thumbnail":["https:\/\/ae01.alicdn.com\/kf\/E931a4bfc7fab46168414938846819dbeZ\/Artemis-Bio-Matcha-Chai-Latte-60Gr-Bio-Vegan.jpg_350x350.jpg",300,300,true],"woocommerce_single":["https:\/\/ae01.alicdn.com\/kf\/E931a4bfc7fab46168414938846819dbeZ\/Artemis-Bio-Matcha-Chai-Latte-60Gr-Bio-Vegan.jpg_640x640.jpg",600,600,true],"woocommerce_gallery_thumbnail":["https:\/\/ae01.alicdn.com\/kf\/E931a4bfc7fab46168414938846819dbeZ\/Artemis-Bio-Matcha-Chai-Latte-60Gr-Bio-Vegan.jpg_100x100.jpg",100,100,true]},"uagb_author_info":{"display_name":"Atsumi Naturals","author_link":"https:\/\/atsuminaturals.com\/en\/author\/"},"uagb_comment_info":3,"uagb_excerpt":"Artemis Bio Matcha Chai Latte 60Gr. Bio Vegan &#8211; \u00a1Descubre el sabor exquisito y saludable de nuestro Artemis Bio Matcha [&hellip;]","_links":{"self":[{"href":"https:\/\/atsuminaturals.com\/en\/wp-json\/wp\/v2\/product\/1609"}],"collection":[{"href":"https:\/\/atsuminaturals.com\/en\/wp-json\/wp\/v2\/product"}],"about":[{"href":"https:\/\/atsuminaturals.com\/en\/wp-json\/wp\/v2\/types\/product"}],"replies":[{"embeddable":true,"href":"https:\/\/atsuminaturals.com\/en\/wp-json\/wp\/v2\/comments?post=1609"}],"wp:featuredmedia":[{"embeddable":true,"href":"https:\/\/atsuminaturals.com\/en\/wp-json\/wp\/v2\/media\/1610"}],"wp:attachment":[{"href":"https:\/\/atsuminaturals.com\/en\/wp-json\/wp\/v2\/media?parent=1609"}],"wp:term":[{"taxonomy":"product_cat","embeddable":true,"href":"https:\/\/atsuminaturals.com\/en\/wp-json\/wp\/v2\/product_cat?post=1609"},{"taxonomy":"product_tag","embeddable":true,"href":"https:\/\/atsuminaturals.com\/en\/wp-json\/wp\/v2\/product_tag?post=1609"}],"curies":[{"name":"wp","href":"https:\/\/api.w.org\/{rel}","templated":true}]}}