{"id":1571,"date":"2025-01-26T18:19:44","date_gmt":"2025-01-26T18:19:44","guid":{"rendered":"https:\/\/atsuminaturals.com\/?post_type=product&#038;p=1571"},"modified":"2025-01-26T18:28:21","modified_gmt":"2025-01-26T18:28:21","slug":"te-matcha-premium-japones-50g","status":"publish","type":"product","link":"https:\/\/atsuminaturals.com\/en\/product\/te-matcha-premium-japones-50g\/","title":{"rendered":"T\u00e9 Matcha Premium Japon\u00e9s 50g"},"content":{"rendered":"<article>\n<ul>\n<li>\ud83e\udd47 GRADO Y CALIDAD PREMIUM: se caracteriza por su inconfundible sabor y aroma, su color verde intenso y por no tener amargor. Te volver\u00e1s adict@ a su sabor ya que cada taza entrega el sabor m\u00e1s fino y exquisito directo a tus sentidos.<\/li>\n<li>\u2714\ufe0f SIEMPRE FRESCO: gracias a nuestro avanzado envase Doypack siempre estar\u00e1 fresco, como el primer d\u00eda! Podr\u00e1s disfrutarlo como m\u00e1s te apetezca. Nuestro pack te ofrece hasta 50 dosis!<\/li>\n<li>\ud83c\udf75 R\u00c1PIDO Y F\u00c1CIL DE PREPARAR: destaca por su sencillo modo de preparaci\u00f3n (por si no tienes mucho tiempo). S\u00f3lo tendr\u00e1s que a\u00f1adir agua caliente, batirlo hasta crear una espuma superficial y a disfrutar! Aseg\u00farate de que la mezcla queda homog\u00e9nea y sin grumos.<\/li>\n<li>\ud83d\udc9a PROPIEDADES BENEFICIOSAS: El T\u00e9 Matcha es un quemagrasas natural con un enorme poder antioxidante que, adem\u00e1s, favorece la relajaci\u00f3n del cuerpo, reduce el estr\u00e9s y facilita la concentraci\u00f3n.<\/li>\n<li>\ud83c\udf05 IDONEO PARA LAS MA\u00d1ANAS: nuestro genuino sabor har\u00e1 que sea tu momento m\u00e1s delicioso con el que comenzar el d\u00eda. Ideal tanto para oficina como cafeter\u00edas y restaurantes. Tambi\u00e9n, puedes utilizarlo en la elaboraci\u00f3n de tu cocteler\u00eda y reposter\u00eda favorita!<\/li>\n<\/ul>\n<\/article>","protected":false},"excerpt":{"rendered":"<p>\ud83e\udd47 GRADO Y CALIDAD PREMIUM: se caracteriza por su inconfundible sabor y aroma, su color verde intenso y por no [&hellip;]<\/p>","protected":false},"featured_media":1572,"comment_status":"open","ping_status":"closed","template":"","meta":{"_uag_custom_page_level_css":"","site-sidebar-layout":"default","site-content-layout":"","ast-site-content-layout":"default","site-content-style":"default","site-sidebar-style":"default","ast-global-header-display":"","ast-banner-title-visibility":"","ast-main-header-display":"","ast-hfb-above-header-display":"","ast-hfb-below-header-display":"","ast-hfb-mobile-header-display":"","site-post-title":"","ast-breadcrumbs-content":"","ast-featured-img":"","footer-sml-layout":"","theme-transparent-header-meta":"default","adv-header-id-meta":"","stick-header-meta":"","header-above-stick-meta":"","header-main-stick-meta":"","header-below-stick-meta":"","astra-migrate-meta-layouts":"set","ast-page-background-enabled":"default","ast-page-background-meta":{"desktop":{"background-color":"var(--ast-global-color-4)","background-image":"","background-repeat":"repeat","background-position":"center center","background-size":"auto","background-attachment":"scroll","background-type":"","background-media":"","overlay-type":"","overlay-color":"","overlay-opacity":"","overlay-gradient":""},"tablet":{"background-color":"","background-image":"","background-repeat":"repeat","background-position":"center center","background-size":"auto","background-attachment":"scroll","background-type":"","background-media":"","overlay-type":"","overlay-color":"","overlay-opacity":"","overlay-gradient":""},"mobile":{"background-color":"","background-image":"","background-repeat":"repeat","background-position":"center center","background-size":"auto","background-attachment":"scroll","background-type":"","background-media":"","overlay-type":"","overlay-color":"","overlay-opacity":"","overlay-gradient":""}},"ast-content-background-meta":{"desktop":{"background-color":"var(--ast-global-color-5)","background-image":"","background-repeat":"repeat","background-position":"center center","background-size":"auto","background-attachment":"scroll","background-type":"","background-media":"","overlay-type":"","overlay-color":"","overlay-opacity":"","overlay-gradient":""},"tablet":{"background-color":"var(--ast-global-color-5)","background-image":"","background-repeat":"repeat","background-position":"center center","background-size":"auto","background-attachment":"scroll","background-type":"","background-media":"","overlay-type":"","overlay-color":"","overlay-opacity":"","overlay-gradient":""},"mobile":{"background-color":"var(--ast-global-color-5)","background-image":"","background-repeat":"repeat","background-position":"center center","background-size":"auto","background-attachment":"scroll","background-type":"","background-media":"","overlay-type":"","overlay-color":"","overlay-opacity":"","overlay-gradient":""}}},"product_cat":[39],"product_tag":[40,38],"class_list":{"0":"post-1571","1":"product","2":"type-product","3":"status-publish","4":"has-post-thumbnail","6":"product_cat-te-matcha","7":"product_tag-premium","8":"product_tag-te-matcha","9":"desktop-align-left","10":"tablet-align-left","11":"mobile-align-left","13":"first","14":"instock","15":"shipping-taxable","16":"product-type-external"},"yoast_head":"<!-- This site is optimized with the Yoast SEO Premium plugin v22.5 (Yoast SEO v23.7) - https:\/\/yoast.com\/wordpress\/plugins\/seo\/ -->\n<title>T\u00e9 Matcha Premium Japon\u00e9s 50g - Atsumi Naturals<\/title>\n<meta name=\"robots\" content=\"index, follow, max-snippet:-1, max-image-preview:large, max-video-preview:-1\" \/>\n<link rel=\"canonical\" href=\"https:\/\/atsuminaturals.com\/en\/product\/te-matcha-premium-japones-50g\/\" \/>\n<meta property=\"og:locale\" content=\"en_GB\" \/>\n<meta property=\"og:type\" content=\"article\" \/>\n<meta property=\"og:title\" content=\"T\u00e9 Matcha Premium Japon\u00e9s 50g\" \/>\n<meta property=\"og:description\" content=\"\ud83e\udd47 GRADO Y CALIDAD PREMIUM: se caracteriza por su inconfundible sabor y aroma, su color verde intenso y por no [&hellip;]\" \/>\n<meta property=\"og:url\" content=\"https:\/\/atsuminaturals.com\/en\/product\/te-matcha-premium-japones-50g\/\" \/>\n<meta property=\"og:site_name\" content=\"Atsumi Naturals\" \/>\n<meta property=\"article:modified_time\" content=\"2025-01-26T18:28:21+00:00\" \/>\n<meta property=\"og:image\" content=\"https:\/\/ae01.alicdn.com\/kf\/E1db7940d7fee4b2f8b25887e8037cfd0e\/T-Matcha-Premium-Te-matcha-matcha-Te-matcha-Te-verde-matcha-Te-macha-Te-matcha-propiedades.jpg\" \/>\n\t<meta property=\"og:image:width\" content=\"800\" \/>\n\t<meta property=\"og:image:height\" content=\"800\" \/>\n\t<meta property=\"og:image:type\" content=\"image\/jpeg\" \/>\n<meta name=\"twitter:card\" content=\"summary_large_image\" \/>\n<meta name=\"twitter:site\" content=\"@AtsumiNaturals\" \/>\n<meta name=\"twitter:label1\" content=\"Price\" \/>\n\t<meta name=\"twitter:data1\" content=\"6,49&nbsp;&euro;\" \/>\n\t<meta name=\"twitter:label2\" content=\"Availability\" \/>\n\t<meta name=\"twitter:data2\" content=\"In stock\" \/>\n<script type=\"application\/ld+json\" class=\"yoast-schema-graph\">{\"@context\":\"https:\/\/schema.org\",\"@graph\":[{\"@type\":\"WebPage\",\"@id\":\"https:\/\/atsuminaturals.com\/product\/te-matcha-premium-japones-50g\/\",\"url\":\"https:\/\/atsuminaturals.com\/product\/te-matcha-premium-japones-50g\/\",\"name\":\"T\u00e9 Matcha Premium Japon\u00e9s 50g - Atsumi Naturals\",\"isPartOf\":{\"@id\":\"https:\/\/atsuminaturals.com\/#website\"},\"primaryImageOfPage\":{\"@id\":\"https:\/\/atsuminaturals.com\/product\/te-matcha-premium-japones-50g\/#primaryimage\"},\"image\":{\"@id\":\"https:\/\/atsuminaturals.com\/product\/te-matcha-premium-japones-50g\/#primaryimage\"},\"thumbnailUrl\":\"https:\/\/ae01.alicdn.com\/kf\/E1db7940d7fee4b2f8b25887e8037cfd0e\/T-Matcha-Premium-Te-matcha-matcha-Te-matcha-Te-verde-matcha-Te-macha-Te-matcha-propiedades.jpg\",\"datePublished\":\"2025-01-26T18:19:44+00:00\",\"dateModified\":\"2025-01-26T18:28:21+00:00\",\"breadcrumb\":{\"@id\":\"https:\/\/atsuminaturals.com\/product\/te-matcha-premium-japones-50g\/#breadcrumb\"},\"inLanguage\":\"en-GB\",\"potentialAction\":[{\"@type\":\"ReadAction\",\"target\":[\"https:\/\/atsuminaturals.com\/product\/te-matcha-premium-japones-50g\/\"]}]},{\"@type\":\"ImageObject\",\"inLanguage\":\"en-GB\",\"@id\":\"https:\/\/atsuminaturals.com\/product\/te-matcha-premium-japones-50g\/#primaryimage\",\"url\":\"https:\/\/ae01.alicdn.com\/kf\/E1db7940d7fee4b2f8b25887e8037cfd0e\/T-Matcha-Premium-Te-matcha-matcha-Te-matcha-Te-verde-matcha-Te-macha-Te-matcha-propiedades.jpg\",\"contentUrl\":\"https:\/\/ae01.alicdn.com\/kf\/E1db7940d7fee4b2f8b25887e8037cfd0e\/T-Matcha-Premium-Te-matcha-matcha-Te-matcha-Te-verde-matcha-Te-macha-Te-matcha-propiedades.jpg\",\"width\":800,\"height\":800,\"caption\":\"T\u00e9 Matcha Premium Japon\u00e9s 50g 1\"},{\"@type\":\"BreadcrumbList\",\"@id\":\"https:\/\/atsuminaturals.com\/product\/te-matcha-premium-japones-50g\/#breadcrumb\",\"itemListElement\":[{\"@type\":\"ListItem\",\"position\":1,\"name\":\"Portada\",\"item\":\"https:\/\/atsuminaturals.com\/\"},{\"@type\":\"ListItem\",\"position\":2,\"name\":\"Tienda\",\"item\":\"https:\/\/atsuminaturals.com\/tienda\/\"},{\"@type\":\"ListItem\",\"position\":3,\"name\":\"T\u00e9 Matcha Premium Japon\u00e9s 50g\"}]},{\"@type\":\"WebSite\",\"@id\":\"https:\/\/atsuminaturals.com\/#website\",\"url\":\"https:\/\/atsuminaturals.com\/\",\"name\":\"Atsumi Naturals\",\"description\":\"\",\"publisher\":{\"@id\":\"https:\/\/atsuminaturals.com\/#organization\"},\"potentialAction\":[{\"@type\":\"SearchAction\",\"target\":{\"@type\":\"EntryPoint\",\"urlTemplate\":\"https:\/\/atsuminaturals.com\/?s={search_term_string}\"},\"query-input\":{\"@type\":\"PropertyValueSpecification\",\"valueRequired\":true,\"valueName\":\"search_term_string\"}}],\"inLanguage\":\"en-GB\"},{\"@type\":[\"Organization\",\"Place\"],\"@id\":\"https:\/\/atsuminaturals.com\/#organization\",\"name\":\"Atsumi Naturals\",\"url\":\"https:\/\/atsuminaturals.com\/\",\"logo\":{\"@id\":\"https:\/\/atsuminaturals.com\/product\/te-matcha-premium-japones-50g\/#local-main-organization-logo\"},\"image\":{\"@id\":\"https:\/\/atsuminaturals.com\/product\/te-matcha-premium-japones-50g\/#local-main-organization-logo\"},\"sameAs\":[\"https:\/\/x.com\/AtsumiNaturals\",\"https:\/\/instagram.com\/AtsumiNaturals\"],\"openingHoursSpecification\":[{\"@type\":\"OpeningHoursSpecification\",\"dayOfWeek\":[\"Monday\",\"Tuesday\",\"Wednesday\",\"Thursday\",\"Friday\",\"Saturday\",\"Sunday\"],\"opens\":\"09:00\",\"closes\":\"17:00\"}]},{\"@type\":\"ImageObject\",\"inLanguage\":\"en-GB\",\"@id\":\"https:\/\/atsuminaturals.com\/product\/te-matcha-premium-japones-50g\/#local-main-organization-logo\",\"url\":\"https:\/\/atsuminaturals.com\/wp-content\/uploads\/2024\/09\/cropped-atsumu-naturals-logo-no-background.webp\",\"contentUrl\":\"https:\/\/atsuminaturals.com\/wp-content\/uploads\/2024\/09\/cropped-atsumu-naturals-logo-no-background.webp\",\"width\":729,\"height\":749,\"caption\":\"Atsumi Naturals\"}]}<\/script>\n<meta property=\"product:price:amount\" content=\"6.49\" \/>\n<meta property=\"product:price:currency\" content=\"EUR\" \/>\n<meta property=\"og:availability\" content=\"instock\" \/>\n<meta property=\"product:availability\" content=\"instock\" \/>\n<meta property=\"product:retailer_item_id\" content=\"C74396GZVVI7\" \/>\n<meta property=\"product:condition\" content=\"new\" \/>\n<!-- \/ Yoast SEO Premium plugin. -->","yoast_head_json":{"title":"T\u00e9 Matcha Premium Japon\u00e9s 50g - Atsumi Naturals","robots":{"index":"index","follow":"follow","max-snippet":"max-snippet:-1","max-image-preview":"max-image-preview:large","max-video-preview":"max-video-preview:-1"},"canonical":"https:\/\/atsuminaturals.com\/en\/product\/te-matcha-premium-japones-50g\/","og_locale":"en_GB","og_type":"article","og_title":"T\u00e9 Matcha Premium Japon\u00e9s 50g","og_description":"\ud83e\udd47 GRADO Y CALIDAD PREMIUM: se caracteriza por su inconfundible sabor y aroma, su color verde intenso y por no [&hellip;]","og_url":"https:\/\/atsuminaturals.com\/en\/product\/te-matcha-premium-japones-50g\/","og_site_name":"Atsumi Naturals","article_modified_time":"2025-01-26T18:28:21+00:00","og_image":[{"width":800,"height":800,"url":"https:\/\/ae01.alicdn.com\/kf\/E1db7940d7fee4b2f8b25887e8037cfd0e\/T-Matcha-Premium-Te-matcha-matcha-Te-matcha-Te-verde-matcha-Te-macha-Te-matcha-propiedades.jpg","type":"image\/jpeg"}],"twitter_card":"summary_large_image","twitter_site":"@AtsumiNaturals","twitter_misc":{"Price":"6,49&nbsp;&euro;","Availability":"In stock"},"schema":{"@context":"https:\/\/schema.org","@graph":[{"@type":"WebPage","@id":"https:\/\/atsuminaturals.com\/product\/te-matcha-premium-japones-50g\/","url":"https:\/\/atsuminaturals.com\/product\/te-matcha-premium-japones-50g\/","name":"T\u00e9 Matcha Premium Japon\u00e9s 50g - Atsumi Naturals","isPartOf":{"@id":"https:\/\/atsuminaturals.com\/#website"},"primaryImageOfPage":{"@id":"https:\/\/atsuminaturals.com\/product\/te-matcha-premium-japones-50g\/#primaryimage"},"image":{"@id":"https:\/\/atsuminaturals.com\/product\/te-matcha-premium-japones-50g\/#primaryimage"},"thumbnailUrl":"https:\/\/ae01.alicdn.com\/kf\/E1db7940d7fee4b2f8b25887e8037cfd0e\/T-Matcha-Premium-Te-matcha-matcha-Te-matcha-Te-verde-matcha-Te-macha-Te-matcha-propiedades.jpg","datePublished":"2025-01-26T18:19:44+00:00","dateModified":"2025-01-26T18:28:21+00:00","breadcrumb":{"@id":"https:\/\/atsuminaturals.com\/product\/te-matcha-premium-japones-50g\/#breadcrumb"},"inLanguage":"en-GB","potentialAction":[{"@type":"ReadAction","target":["https:\/\/atsuminaturals.com\/product\/te-matcha-premium-japones-50g\/"]}]},{"@type":"ImageObject","inLanguage":"en-GB","@id":"https:\/\/atsuminaturals.com\/product\/te-matcha-premium-japones-50g\/#primaryimage","url":"https:\/\/ae01.alicdn.com\/kf\/E1db7940d7fee4b2f8b25887e8037cfd0e\/T-Matcha-Premium-Te-matcha-matcha-Te-matcha-Te-verde-matcha-Te-macha-Te-matcha-propiedades.jpg","contentUrl":"https:\/\/ae01.alicdn.com\/kf\/E1db7940d7fee4b2f8b25887e8037cfd0e\/T-Matcha-Premium-Te-matcha-matcha-Te-matcha-Te-verde-matcha-Te-macha-Te-matcha-propiedades.jpg","width":800,"height":800,"caption":"T\u00e9 Matcha Premium Japon\u00e9s 50g 1"},{"@type":"BreadcrumbList","@id":"https:\/\/atsuminaturals.com\/product\/te-matcha-premium-japones-50g\/#breadcrumb","itemListElement":[{"@type":"ListItem","position":1,"name":"Portada","item":"https:\/\/atsuminaturals.com\/"},{"@type":"ListItem","position":2,"name":"Tienda","item":"https:\/\/atsuminaturals.com\/tienda\/"},{"@type":"ListItem","position":3,"name":"T\u00e9 Matcha Premium Japon\u00e9s 50g"}]},{"@type":"WebSite","@id":"https:\/\/atsuminaturals.com\/#website","url":"https:\/\/atsuminaturals.com\/","name":"Atsumi Naturals","description":"","publisher":{"@id":"https:\/\/atsuminaturals.com\/#organization"},"potentialAction":[{"@type":"SearchAction","target":{"@type":"EntryPoint","urlTemplate":"https:\/\/atsuminaturals.com\/?s={search_term_string}"},"query-input":{"@type":"PropertyValueSpecification","valueRequired":true,"valueName":"search_term_string"}}],"inLanguage":"en-GB"},{"@type":["Organization","Place"],"@id":"https:\/\/atsuminaturals.com\/#organization","name":"Atsumi Naturals","url":"https:\/\/atsuminaturals.com\/","logo":{"@id":"https:\/\/atsuminaturals.com\/product\/te-matcha-premium-japones-50g\/#local-main-organization-logo"},"image":{"@id":"https:\/\/atsuminaturals.com\/product\/te-matcha-premium-japones-50g\/#local-main-organization-logo"},"sameAs":["https:\/\/x.com\/AtsumiNaturals","https:\/\/instagram.com\/AtsumiNaturals"],"openingHoursSpecification":[{"@type":"OpeningHoursSpecification","dayOfWeek":["Monday","Tuesday","Wednesday","Thursday","Friday","Saturday","Sunday"],"opens":"09:00","closes":"17:00"}]},{"@type":"ImageObject","inLanguage":"en-GB","@id":"https:\/\/atsuminaturals.com\/product\/te-matcha-premium-japones-50g\/#local-main-organization-logo","url":"https:\/\/atsuminaturals.com\/wp-content\/uploads\/2024\/09\/cropped-atsumu-naturals-logo-no-background.webp","contentUrl":"https:\/\/atsuminaturals.com\/wp-content\/uploads\/2024\/09\/cropped-atsumu-naturals-logo-no-background.webp","width":729,"height":749,"caption":"Atsumi Naturals"}]},"product_price_amount":"6.49","product_price_currency":"EUR","og_availability":"instock","product_availability":"instock","product_retailer_item_id":"C74396GZVVI7","product_condition":"new"},"uagb_featured_image_src":{"full":["https:\/\/ae01.alicdn.com\/kf\/E1db7940d7fee4b2f8b25887e8037cfd0e\/T-Matcha-Premium-Te-matcha-matcha-Te-matcha-Te-verde-matcha-Te-macha-Te-matcha-propiedades.jpg",800,800,false],"thumbnail":["https:\/\/ae01.alicdn.com\/kf\/E1db7940d7fee4b2f8b25887e8037cfd0e\/T-Matcha-Premium-Te-matcha-matcha-Te-matcha-Te-verde-matcha-Te-macha-Te-matcha-propiedades.jpg_200x200.jpg",150,150,true],"medium":["https:\/\/ae01.alicdn.com\/kf\/E1db7940d7fee4b2f8b25887e8037cfd0e\/T-Matcha-Premium-Te-matcha-matcha-Te-matcha-Te-verde-matcha-Te-macha-Te-matcha-propiedades.jpg_350x350.jpg",300,300,true],"medium_large":["https:\/\/ae01.alicdn.com\/kf\/E1db7940d7fee4b2f8b25887e8037cfd0e\/T-Matcha-Premium-Te-matcha-matcha-Te-matcha-Te-verde-matcha-Te-macha-Te-matcha-propiedades.jpg",768,768,true],"large":["https:\/\/ae01.alicdn.com\/kf\/E1db7940d7fee4b2f8b25887e8037cfd0e\/T-Matcha-Premium-Te-matcha-matcha-Te-matcha-Te-verde-matcha-Te-macha-Te-matcha-propiedades.jpg",800,800,true],"1536x1536":["https:\/\/ae01.alicdn.com\/kf\/E1db7940d7fee4b2f8b25887e8037cfd0e\/T-Matcha-Premium-Te-matcha-matcha-Te-matcha-Te-verde-matcha-Te-macha-Te-matcha-propiedades.jpg",800,800,true],"2048x2048":["https:\/\/ae01.alicdn.com\/kf\/E1db7940d7fee4b2f8b25887e8037cfd0e\/T-Matcha-Premium-Te-matcha-matcha-Te-matcha-Te-verde-matcha-Te-macha-Te-matcha-propiedades.jpg",800,800,true],"trp-custom-language-flag":["https:\/\/ae01.alicdn.com\/kf\/E1db7940d7fee4b2f8b25887e8037cfd0e\/T-Matcha-Premium-Te-matcha-matcha-Te-matcha-Te-verde-matcha-Te-macha-Te-matcha-propiedades.jpg_50x50.jpg",12,12,true],"woocommerce_thumbnail":["https:\/\/ae01.alicdn.com\/kf\/E1db7940d7fee4b2f8b25887e8037cfd0e\/T-Matcha-Premium-Te-matcha-matcha-Te-matcha-Te-verde-matcha-Te-macha-Te-matcha-propiedades.jpg_350x350.jpg",300,300,true],"woocommerce_single":["https:\/\/ae01.alicdn.com\/kf\/E1db7940d7fee4b2f8b25887e8037cfd0e\/T-Matcha-Premium-Te-matcha-matcha-Te-matcha-Te-verde-matcha-Te-macha-Te-matcha-propiedades.jpg_640x640.jpg",600,600,true],"woocommerce_gallery_thumbnail":["https:\/\/ae01.alicdn.com\/kf\/E1db7940d7fee4b2f8b25887e8037cfd0e\/T-Matcha-Premium-Te-matcha-matcha-Te-matcha-Te-verde-matcha-Te-macha-Te-matcha-propiedades.jpg_100x100.jpg",100,100,true]},"uagb_author_info":{"display_name":"Atsumi Naturals","author_link":"https:\/\/atsuminaturals.com\/en\/author\/"},"uagb_comment_info":0,"uagb_excerpt":"\ud83e\udd47 GRADO Y CALIDAD PREMIUM: se caracteriza por su inconfundible sabor y aroma, su color verde intenso y por no [&hellip;]","_links":{"self":[{"href":"https:\/\/atsuminaturals.com\/en\/wp-json\/wp\/v2\/product\/1571"}],"collection":[{"href":"https:\/\/atsuminaturals.com\/en\/wp-json\/wp\/v2\/product"}],"about":[{"href":"https:\/\/atsuminaturals.com\/en\/wp-json\/wp\/v2\/types\/product"}],"replies":[{"embeddable":true,"href":"https:\/\/atsuminaturals.com\/en\/wp-json\/wp\/v2\/comments?post=1571"}],"wp:featuredmedia":[{"embeddable":true,"href":"https:\/\/atsuminaturals.com\/en\/wp-json\/wp\/v2\/media\/1572"}],"wp:attachment":[{"href":"https:\/\/atsuminaturals.com\/en\/wp-json\/wp\/v2\/media?parent=1571"}],"wp:term":[{"taxonomy":"product_cat","embeddable":true,"href":"https:\/\/atsuminaturals.com\/en\/wp-json\/wp\/v2\/product_cat?post=1571"},{"taxonomy":"product_tag","embeddable":true,"href":"https:\/\/atsuminaturals.com\/en\/wp-json\/wp\/v2\/product_tag?post=1571"}],"curies":[{"name":"wp","href":"https:\/\/api.w.org\/{rel}","templated":true}]}}