{"id":974,"date":"2024-09-28T11:44:13","date_gmt":"2024-09-28T11:44:13","guid":{"rendered":"https:\/\/atsuminaturals.com\/?page_id=974"},"modified":"2025-01-26T19:35:02","modified_gmt":"2025-01-26T19:35:02","slug":"aviso-legal","status":"publish","type":"page","link":"https:\/\/atsuminaturals.com\/en\/aviso-legal\/","title":{"rendered":"Legal Notice"},"content":{"rendered":"<hr class=\"wp-block-separator has-alpha-channel-opacity\"\/><h1 class=\"wp-block-heading\" id=\"h-aviso-legal\">Legal Notice<\/h1><p><strong>\u00daltima actualizaci\u00f3n: <\/strong>28\/09\/2024<\/p><p>Este Aviso Legal regula el uso del sitio web <strong><a href=\"https:\/\/atsuminaturals.com\/en\/\">https:\/\/atsuminaturals.com<\/a><\/strong> (en adelante, &#8220;el sitio web&#8221;), propiedad de <strong>Atsumi Naturals<\/strong> (en adelante, &#8220;nosotros&#8221;, &#8220;nuestro&#8221; o &#8220;la empresa&#8221;). Al navegar y utilizar este sitio web, aceptas los t\u00e9rminos y condiciones establecidos en este aviso. Si no est\u00e1s de acuerdo con ellos, debes abstenerte de utilizar nuestro sitio.<\/p><h2 class=\"wp-block-heading\" id=\"h-1-datos-del-titular-del-sitio-web\">1. Datos del titular del sitio web<\/h2><ul class=\"wp-block-list\"><li><strong>Titular:<\/strong> Atsumi Naturals<\/li>\n\n<li><strong>Correo electr\u00f3nico de contacto:<\/strong> <a href=\"mailto:info@atsuminaturals.com\">customerservice@atsuminaturals.com<\/a><\/li><\/ul><h2 class=\"wp-block-heading\" id=\"h-2-condiciones-de-uso\">2. Condiciones de uso<\/h2><p>Al acceder a este sitio web, el usuario se compromete a utilizarlo conforme a las leyes, la buena fe, el orden p\u00fablico y las presentes condiciones de uso. El usuario se compromete a no realizar acciones que puedan da\u00f1ar la imagen, intereses y derechos de <strong>Atsumi Naturals<\/strong> o de terceros.<\/p><p>Nos reservamos el derecho a modificar, suspender o interrumpir en cualquier momento el acceso al sitio web, as\u00ed como la configuraci\u00f3n o contenido del mismo, sin necesidad de previo aviso.<\/p><h2 class=\"wp-block-heading\" id=\"h-3-responsabilidad\">3. Responsabilidad<\/h2><p><strong>Atsumi Naturals<\/strong> no se hace responsable de los da\u00f1os o perjuicios que puedan derivarse de la mala utilizaci\u00f3n de los contenidos del sitio web o de los errores u omisiones en los mismos. El sitio web contiene enlaces a sitios de terceros sobre los que no ejercemos control, y por lo tanto, no asumimos ninguna responsabilidad por el contenido de dichos sitios.<\/p><h2 class=\"wp-block-heading\" id=\"h-4-propiedad-intelectual-e-industrial\">4. Propiedad intelectual e industrial<\/h2><p>Todos los contenidos del sitio web, incluyendo a t\u00edtulo enunciativo, pero no limitativo, los textos, gr\u00e1ficos, im\u00e1genes, logotipos, nombres comerciales, marcas y bases de datos, est\u00e1n protegidos por derechos de propiedad intelectual e industrial, y son titularidad de <strong>Atsumi Naturals<\/strong> o de sus licenciantes. Est\u00e1 prohibida su reproducci\u00f3n, distribuci\u00f3n o modificaci\u00f3n sin el consentimiento previo y expreso de <strong>Atsumi Naturals<\/strong>.<\/p><p>El uso no autorizado de los materiales e informaci\u00f3n contenida en este sitio puede violar las leyes de propiedad intelectual, industrial o de protecci\u00f3n de datos.<\/p><h2 class=\"wp-block-heading\" id=\"h-5-comercio-electronico\">5. Comercio electr\u00f3nico<\/h2><p>Este sitio web es implemente un blog a trav\u00e9s de la cual se anuncian productos. Atsumi Naturals no vende ning\u00fan producto ni se hace responsable de ellos.<\/p><h2 class=\"wp-block-heading\" id=\"h-6-proteccion-de-datos-personales\">6. Protecci\u00f3n de datos personales<\/h2><p>El tratamiento de tus datos personales se realizar\u00e1 de acuerdo con nuestra Pol\u00edtica de Privacidad, en cumplimiento con el Reglamento General de Protecci\u00f3n de Datos (RGPD) y otras normativas aplicables.<\/p><h2 class=\"wp-block-heading\" id=\"h-7-ley-aplicable-y-jurisdiccion\">7. Ley aplicable y jurisdicci\u00f3n<\/h2><p>El presente Aviso Legal se regir\u00e1 e interpretar\u00e1 de acuerdo con las leyes aplicables. Para cualquier controversia que pueda surgir relacionada con este sitio web o las actividades desarrolladas en \u00e9l, ambas partes se someten, con renuncia expresa a cualquier otro fuero, a los juzgados y tribunales.<\/p><h2 class=\"wp-block-heading\" id=\"h-8-contacto\">8. Contacto<\/h2><p>Si tienes alguna pregunta sobre este Aviso Legal o deseas obtener m\u00e1s informaci\u00f3n, puedes contactarnos a trav\u00e9s de:<\/p><ul class=\"wp-block-list\"><li><strong>Email<\/strong> <a href=\"mailto:info@atsuminaturals.com\">customerservice@atsuminaturals.com<\/a><\/li><\/ul><hr class=\"wp-block-separator has-alpha-channel-opacity\"\/>","protected":false},"excerpt":{"rendered":"<p>Aviso Legal \u00daltima actualizaci\u00f3n: 28\/09\/2024 Este Aviso Legal regula el uso del sitio web https:\/\/atsuminaturals.com (en adelante, &#8220;el sitio web&#8221;), [&hellip;]<\/p>","protected":false},"author":1,"featured_media":0,"parent":0,"menu_order":0,"comment_status":"closed","ping_status":"closed","template":"","meta":{"_uag_custom_page_level_css":"","site-sidebar-layout":"default","site-content-layout":"","ast-site-content-layout":"","site-content-style":"default","site-sidebar-style":"default","ast-global-header-display":"","ast-banner-title-visibility":"","ast-main-header-display":"","ast-hfb-above-header-display":"","ast-hfb-below-header-display":"","ast-hfb-mobile-header-display":"","site-post-title":"","ast-breadcrumbs-content":"","ast-featured-img":"","footer-sml-layout":"","theme-transparent-header-meta":"","adv-header-id-meta":"","stick-header-meta":"","header-above-stick-meta":"","header-main-stick-meta":"","header-below-stick-meta":"","astra-migrate-meta-layouts":"default","ast-page-background-enabled":"default","ast-page-background-meta":{"desktop":{"background-color":"var(--ast-global-color-4)","background-image":"","background-repeat":"repeat","background-position":"center center","background-size":"auto","background-attachment":"scroll","background-type":"","background-media":"","overlay-type":"","overlay-color":"","overlay-opacity":"","overlay-gradient":""},"tablet":{"background-color":"","background-image":"","background-repeat":"repeat","background-position":"center center","background-size":"auto","background-attachment":"scroll","background-type":"","background-media":"","overlay-type":"","overlay-color":"","overlay-opacity":"","overlay-gradient":""},"mobile":{"background-color":"","background-image":"","background-repeat":"repeat","background-position":"center center","background-size":"auto","background-attachment":"scroll","background-type":"","background-media":"","overlay-type":"","overlay-color":"","overlay-opacity":"","overlay-gradient":""}},"ast-content-background-meta":{"desktop":{"background-color":"var(--ast-global-color-5)","background-image":"","background-repeat":"repeat","background-position":"center center","background-size":"auto","background-attachment":"scroll","background-type":"","background-media":"","overlay-type":"","overlay-color":"","overlay-opacity":"","overlay-gradient":""},"tablet":{"background-color":"var(--ast-global-color-5)","background-image":"","background-repeat":"repeat","background-position":"center center","background-size":"auto","background-attachment":"scroll","background-type":"","background-media":"","overlay-type":"","overlay-color":"","overlay-opacity":"","overlay-gradient":""},"mobile":{"background-color":"var(--ast-global-color-5)","background-image":"","background-repeat":"repeat","background-position":"center center","background-size":"auto","background-attachment":"scroll","background-type":"","background-media":"","overlay-type":"","overlay-color":"","overlay-opacity":"","overlay-gradient":""}},"footnotes":""},"class_list":["post-974","page","type-page","status-publish","hentry"],"yoast_head":"<!-- This site is optimized with the Yoast SEO Premium plugin v22.5 (Yoast SEO v23.7) - https:\/\/yoast.com\/wordpress\/plugins\/seo\/ -->\n<title>Aviso Legal - Atsumi Naturals<\/title>\n<meta name=\"robots\" content=\"index, follow, max-snippet:-1, max-image-preview:large, max-video-preview:-1\" \/>\n<link rel=\"canonical\" href=\"https:\/\/atsuminaturals.com\/en\/aviso-legal\/\" \/>\n<meta property=\"og:locale\" content=\"en_GB\" \/>\n<meta property=\"og:type\" content=\"article\" \/>\n<meta property=\"og:title\" content=\"Aviso Legal\" \/>\n<meta property=\"og:description\" content=\"Aviso Legal \u00daltima actualizaci\u00f3n: 28\/09\/2024 Este Aviso Legal regula el uso del sitio web https:\/\/atsuminaturals.com (en adelante, &#8220;el sitio web&#8221;), [&hellip;]\" \/>\n<meta property=\"og:url\" content=\"https:\/\/atsuminaturals.com\/en\/aviso-legal\/\" \/>\n<meta property=\"og:site_name\" content=\"Atsumi Naturals\" \/>\n<meta property=\"article:modified_time\" content=\"2025-01-26T19:35:02+00:00\" \/>\n<meta name=\"twitter:card\" content=\"summary_large_image\" \/>\n<meta name=\"twitter:site\" content=\"@AtsumiNaturals\" \/>\n<meta name=\"twitter:label1\" content=\"Estimated reading time\" \/>\n\t<meta name=\"twitter:data1\" content=\"3 minutes\" \/>\n<script type=\"application\/ld+json\" class=\"yoast-schema-graph\">{\"@context\":\"https:\/\/schema.org\",\"@graph\":[{\"@type\":\"WebPage\",\"@id\":\"https:\/\/atsuminaturals.com\/aviso-legal\/\",\"url\":\"https:\/\/atsuminaturals.com\/aviso-legal\/\",\"name\":\"Aviso Legal - Atsumi Naturals\",\"isPartOf\":{\"@id\":\"https:\/\/atsuminaturals.com\/#website\"},\"datePublished\":\"2024-09-28T11:44:13+00:00\",\"dateModified\":\"2025-01-26T19:35:02+00:00\",\"breadcrumb\":{\"@id\":\"https:\/\/atsuminaturals.com\/aviso-legal\/#breadcrumb\"},\"inLanguage\":\"en-GB\",\"potentialAction\":[{\"@type\":\"ReadAction\",\"target\":[\"https:\/\/atsuminaturals.com\/aviso-legal\/\"]}]},{\"@type\":\"BreadcrumbList\",\"@id\":\"https:\/\/atsuminaturals.com\/aviso-legal\/#breadcrumb\",\"itemListElement\":[{\"@type\":\"ListItem\",\"position\":1,\"name\":\"Portada\",\"item\":\"https:\/\/atsuminaturals.com\/\"},{\"@type\":\"ListItem\",\"position\":2,\"name\":\"Aviso Legal\"}]},{\"@type\":\"WebSite\",\"@id\":\"https:\/\/atsuminaturals.com\/#website\",\"url\":\"https:\/\/atsuminaturals.com\/\",\"name\":\"Atsumi Naturals\",\"description\":\"\",\"publisher\":{\"@id\":\"https:\/\/atsuminaturals.com\/#organization\"},\"potentialAction\":[{\"@type\":\"SearchAction\",\"target\":{\"@type\":\"EntryPoint\",\"urlTemplate\":\"https:\/\/atsuminaturals.com\/?s={search_term_string}\"},\"query-input\":{\"@type\":\"PropertyValueSpecification\",\"valueRequired\":true,\"valueName\":\"search_term_string\"}}],\"inLanguage\":\"en-GB\"},{\"@type\":[\"Organization\",\"Place\"],\"@id\":\"https:\/\/atsuminaturals.com\/#organization\",\"name\":\"Atsumi Naturals\",\"url\":\"https:\/\/atsuminaturals.com\/\",\"logo\":{\"@id\":\"https:\/\/atsuminaturals.com\/aviso-legal\/#local-main-organization-logo\"},\"image\":{\"@id\":\"https:\/\/atsuminaturals.com\/aviso-legal\/#local-main-organization-logo\"},\"sameAs\":[\"https:\/\/x.com\/AtsumiNaturals\",\"https:\/\/instagram.com\/AtsumiNaturals\"],\"openingHoursSpecification\":[{\"@type\":\"OpeningHoursSpecification\",\"dayOfWeek\":[\"Monday\",\"Tuesday\",\"Wednesday\",\"Thursday\",\"Friday\",\"Saturday\",\"Sunday\"],\"opens\":\"09:00\",\"closes\":\"17:00\"}]},{\"@type\":\"ImageObject\",\"inLanguage\":\"en-GB\",\"@id\":\"https:\/\/atsuminaturals.com\/aviso-legal\/#local-main-organization-logo\",\"url\":\"https:\/\/atsuminaturals.com\/wp-content\/uploads\/2024\/09\/cropped-atsumu-naturals-logo-no-background.webp\",\"contentUrl\":\"https:\/\/atsuminaturals.com\/wp-content\/uploads\/2024\/09\/cropped-atsumu-naturals-logo-no-background.webp\",\"width\":729,\"height\":749,\"caption\":\"Atsumi Naturals\"}]}<\/script>\n<!-- \/ Yoast SEO Premium plugin. -->","yoast_head_json":{"title":"Aviso Legal - Atsumi Naturals","robots":{"index":"index","follow":"follow","max-snippet":"max-snippet:-1","max-image-preview":"max-image-preview:large","max-video-preview":"max-video-preview:-1"},"canonical":"https:\/\/atsuminaturals.com\/en\/aviso-legal\/","og_locale":"en_GB","og_type":"article","og_title":"Aviso Legal","og_description":"Aviso Legal \u00daltima actualizaci\u00f3n: 28\/09\/2024 Este Aviso Legal regula el uso del sitio web https:\/\/atsuminaturals.com (en adelante, &#8220;el sitio web&#8221;), [&hellip;]","og_url":"https:\/\/atsuminaturals.com\/en\/aviso-legal\/","og_site_name":"Atsumi Naturals","article_modified_time":"2025-01-26T19:35:02+00:00","twitter_card":"summary_large_image","twitter_site":"@AtsumiNaturals","twitter_misc":{"Estimated reading time":"3 minutes"},"schema":{"@context":"https:\/\/schema.org","@graph":[{"@type":"WebPage","@id":"https:\/\/atsuminaturals.com\/aviso-legal\/","url":"https:\/\/atsuminaturals.com\/aviso-legal\/","name":"Aviso Legal - Atsumi Naturals","isPartOf":{"@id":"https:\/\/atsuminaturals.com\/#website"},"datePublished":"2024-09-28T11:44:13+00:00","dateModified":"2025-01-26T19:35:02+00:00","breadcrumb":{"@id":"https:\/\/atsuminaturals.com\/aviso-legal\/#breadcrumb"},"inLanguage":"en-GB","potentialAction":[{"@type":"ReadAction","target":["https:\/\/atsuminaturals.com\/aviso-legal\/"]}]},{"@type":"BreadcrumbList","@id":"https:\/\/atsuminaturals.com\/aviso-legal\/#breadcrumb","itemListElement":[{"@type":"ListItem","position":1,"name":"Portada","item":"https:\/\/atsuminaturals.com\/"},{"@type":"ListItem","position":2,"name":"Aviso Legal"}]},{"@type":"WebSite","@id":"https:\/\/atsuminaturals.com\/#website","url":"https:\/\/atsuminaturals.com\/","name":"Atsumi Naturals","description":"","publisher":{"@id":"https:\/\/atsuminaturals.com\/#organization"},"potentialAction":[{"@type":"SearchAction","target":{"@type":"EntryPoint","urlTemplate":"https:\/\/atsuminaturals.com\/?s={search_term_string}"},"query-input":{"@type":"PropertyValueSpecification","valueRequired":true,"valueName":"search_term_string"}}],"inLanguage":"en-GB"},{"@type":["Organization","Place"],"@id":"https:\/\/atsuminaturals.com\/#organization","name":"Atsumi Naturals","url":"https:\/\/atsuminaturals.com\/","logo":{"@id":"https:\/\/atsuminaturals.com\/aviso-legal\/#local-main-organization-logo"},"image":{"@id":"https:\/\/atsuminaturals.com\/aviso-legal\/#local-main-organization-logo"},"sameAs":["https:\/\/x.com\/AtsumiNaturals","https:\/\/instagram.com\/AtsumiNaturals"],"openingHoursSpecification":[{"@type":"OpeningHoursSpecification","dayOfWeek":["Monday","Tuesday","Wednesday","Thursday","Friday","Saturday","Sunday"],"opens":"09:00","closes":"17:00"}]},{"@type":"ImageObject","inLanguage":"en-GB","@id":"https:\/\/atsuminaturals.com\/aviso-legal\/#local-main-organization-logo","url":"https:\/\/atsuminaturals.com\/wp-content\/uploads\/2024\/09\/cropped-atsumu-naturals-logo-no-background.webp","contentUrl":"https:\/\/atsuminaturals.com\/wp-content\/uploads\/2024\/09\/cropped-atsumu-naturals-logo-no-background.webp","width":729,"height":749,"caption":"Atsumi Naturals"}]}},"uagb_featured_image_src":{"full":false,"thumbnail":false,"medium":false,"medium_large":false,"large":false,"1536x1536":false,"2048x2048":false,"trp-custom-language-flag":false,"woocommerce_thumbnail":false,"woocommerce_single":false,"woocommerce_gallery_thumbnail":false},"uagb_author_info":{"display_name":"Atsumi Naturals","author_link":"https:\/\/atsuminaturals.com\/en\/author\/sircsfgmail-com\/"},"uagb_comment_info":0,"uagb_excerpt":"Aviso Legal \u00daltima actualizaci\u00f3n: 28\/09\/2024 Este Aviso Legal regula el uso del sitio web https:\/\/atsuminaturals.com (en adelante, &#8220;el sitio web&#8221;), [&hellip;]","_links":{"self":[{"href":"https:\/\/atsuminaturals.com\/en\/wp-json\/wp\/v2\/pages\/974"}],"collection":[{"href":"https:\/\/atsuminaturals.com\/en\/wp-json\/wp\/v2\/pages"}],"about":[{"href":"https:\/\/atsuminaturals.com\/en\/wp-json\/wp\/v2\/types\/page"}],"author":[{"embeddable":true,"href":"https:\/\/atsuminaturals.com\/en\/wp-json\/wp\/v2\/users\/1"}],"replies":[{"embeddable":true,"href":"https:\/\/atsuminaturals.com\/en\/wp-json\/wp\/v2\/comments?post=974"}],"version-history":[{"count":3,"href":"https:\/\/atsuminaturals.com\/en\/wp-json\/wp\/v2\/pages\/974\/revisions"}],"predecessor-version":[{"id":1692,"href":"https:\/\/atsuminaturals.com\/en\/wp-json\/wp\/v2\/pages\/974\/revisions\/1692"}],"wp:attachment":[{"href":"https:\/\/atsuminaturals.com\/en\/wp-json\/wp\/v2\/media?parent=974"}],"curies":[{"name":"wp","href":"https:\/\/api.w.org\/{rel}","templated":true}]}}