{"id":972,"date":"2024-09-28T11:42:02","date_gmt":"2024-09-28T11:42:02","guid":{"rendered":"https:\/\/atsuminaturals.com\/?page_id=972"},"modified":"2024-09-28T11:42:03","modified_gmt":"2024-09-28T11:42:03","slug":"cookies","status":"publish","type":"page","link":"https:\/\/atsuminaturals.com\/en\/cookies\/","title":{"rendered":"Cookies"},"content":{"rendered":"<hr class=\"wp-block-separator has-alpha-channel-opacity\"\/><h1 class=\"wp-block-heading\">Pol\u00edtica de Cookies<\/h1><p><strong>\u00daltima actualizaci\u00f3n: 28\/09\/2024<\/strong><\/p><p>En <strong>Atsumi Naturals<\/strong> utilizamos cookies para mejorar tu experiencia en nuestro sitio web <a href=\"https:\/\/atsuminaturals.com\/en\/\">https:\/\/atsuminaturals.com<\/a>. Esta pol\u00edtica explica qu\u00e9 son las cookies, c\u00f3mo las utilizamos y c\u00f3mo puedes controlarlas.<\/p><h2 class=\"wp-block-heading\">1. \u00bfQu\u00e9 son las cookies?<\/h2><p>Las cookies son peque\u00f1os archivos de texto que se almacenan en tu dispositivo (ordenador, smartphone, tableta) cuando visitas un sitio web. Las cookies permiten que el sitio web funcione correctamente, mejoren tu experiencia de navegaci\u00f3n, y proporcionan informaci\u00f3n sobre c\u00f3mo los visitantes utilizan nuestro sitio.<\/p><h2 class=\"wp-block-heading\">2. \u00bfQu\u00e9 tipos de cookies utilizamos?<\/h2><p>En <strong>Atsumi Naturals<\/strong>, utilizamos los siguientes tipos de cookies:<\/p><h3 class=\"wp-block-heading\">2.1 Cookies estrictamente necesarias<\/h3><p>Estas cookies son esenciales para que puedas navegar por el sitio web y utilizar sus funciones, como acceder a \u00e1reas seguras del sitio. Sin estas cookies, no podemos ofrecerte ciertos servicios solicitados.<\/p><p><strong>Ejemplos de uso:<\/strong><\/p><ul class=\"wp-block-list\"><li>Recordar tus configuraciones de privacidad.<\/li>\n\n<li>Permitir acceso a \u00e1reas seguras del sitio.<\/li><\/ul><h3 class=\"wp-block-heading\">2.2 Cookies de rendimiento<\/h3><p>Estas cookies recopilan informaci\u00f3n sobre c\u00f3mo los visitantes utilizan nuestro sitio web, como las p\u00e1ginas que visitan con mayor frecuencia y si reciben mensajes de error. La informaci\u00f3n recogida es an\u00f3nima y se utiliza solo para mejorar el funcionamiento del sitio.<\/p><p><strong>Ejemplos de uso:<\/strong><\/p><ul class=\"wp-block-list\"><li>An\u00e1lisis del rendimiento de p\u00e1ginas.<\/li>\n\n<li>Optimizaci\u00f3n de la experiencia de usuario.<\/li><\/ul><h3 class=\"wp-block-heading\">2.3 Cookies funcionales<\/h3><p>Estas cookies permiten que el sitio recuerde las elecciones que haces (como tu nombre de usuario, idioma o regi\u00f3n) y brindan caracter\u00edsticas mejoradas y m\u00e1s personalizadas. La informaci\u00f3n que recopilan estas cookies puede ser an\u00f3nima y no pueden rastrear tu actividad de navegaci\u00f3n en otros sitios web.<\/p><p><strong>Ejemplos de uso:<\/strong><\/p><ul class=\"wp-block-list\"><li>Recordar tus preferencias de idioma.<\/li>\n\n<li>Guardar los productos a\u00f1adidos a tu carrito de compras.<\/li><\/ul><h3 class=\"wp-block-heading\">2.4 Cookies de publicidad y targeting<\/h3><p>Estas cookies se utilizan para mostrar anuncios m\u00e1s relevantes para ti y tus intereses. Tambi\u00e9n se utilizan para limitar la cantidad de veces que ves un anuncio, as\u00ed como para ayudar a medir la efectividad de las campa\u00f1as publicitarias.<\/p><p><strong>Ejemplos de uso:<\/strong><\/p><ul class=\"wp-block-list\"><li>Mostrar anuncios basados en tus intereses.<\/li>\n\n<li>Medir la efectividad de nuestras campa\u00f1as publicitarias.<\/li><\/ul><h2 class=\"wp-block-heading\">3. \u00bfC\u00f3mo puedes controlar las cookies?<\/h2><p>Tienes el derecho a aceptar o rechazar las cookies. Puedes modificar las preferencias de tu navegador para desactivar o eliminar las cookies. Ten en cuenta que al desactivar algunas cookies, la funcionalidad de nuestro sitio puede verse afectada.<\/p><h3 class=\"wp-block-heading\">3.1 C\u00f3mo gestionar las cookies en tu navegador:<\/h3><ul class=\"wp-block-list\"><li><strong>Google Chrome:<\/strong> <a href=\"https:\/\/support.google.com\/chrome\/answer\/95647?hl=es\">Instrucciones<\/a><\/li>\n\n<li><strong>Mozilla Firefox:<\/strong> <a href=\"https:\/\/support.mozilla.org\/es\/kb\/habilitar-y-deshabilitar-cookies-sitios-web-rastrear-preferencias\">Instrucciones<\/a><\/li>\n\n<li><strong>Safari:<\/strong> <a href=\"https:\/\/support.apple.com\/es-es\/guide\/safari\/sfri11471\/mac\">Instrucciones<\/a><\/li>\n\n<li><strong>Microsoft Edge:<\/strong> <a href=\"https:\/\/support.microsoft.com\/es-es\/help\/4027947\/microsoft-edge-delete-cookies\">Instrucciones<\/a><\/li><\/ul><h2 class=\"wp-block-heading\">4. Cookies de terceros<\/h2><p>En algunos casos, utilizamos cookies proporcionadas por terceros de confianza. Estas cookies permiten a esos terceros ofrecer servicios que mejoran nuestra web o personalizan tu experiencia. Los principales proveedores de cookies que usamos incluyen:<\/p><ul class=\"wp-block-list\"><li><strong>Google Analytics:<\/strong> Para entender c\u00f3mo los usuarios interact\u00faan con nuestro sitio y mejorar su funcionamiento. La informaci\u00f3n recopilada es an\u00f3nima. Puedes consultar la pol\u00edtica de cookies de Google en <a href=\"https:\/\/policies.google.com\/technologies\/cookies\">este enlace<\/a>.<\/li><\/ul><h2 class=\"wp-block-heading\">5. Cambios en la pol\u00edtica de cookies<\/h2><p>Podemos actualizar esta pol\u00edtica de cookies para reflejar cambios en nuestras pr\u00e1cticas o por razones operativas, legales o regulatorias. Te recomendamos que revises esta p\u00e1gina peri\u00f3dicamente para estar al tanto de cualquier actualizaci\u00f3n.<\/p><h2 class=\"wp-block-heading\">6. Contacto<\/h2><p>Si tienes alguna duda o pregunta sobre nuestra pol\u00edtica de cookies, no dudes en contactarnos a trav\u00e9s de:<\/p><p><strong>Email:<\/strong> <a href=\"mailto:info@atsuminaturals.com\">customerservice@atsuminaturals.com<\/a><\/p><hr class=\"wp-block-separator has-alpha-channel-opacity\"\/><p><\/p>","protected":false},"excerpt":{"rendered":"<p>Pol\u00edtica de Cookies \u00daltima actualizaci\u00f3n: 28\/09\/2024 En Atsumi Naturals utilizamos cookies para mejorar tu experiencia en nuestro sitio web https:\/\/atsuminaturals.com. [&hellip;]<\/p>","protected":false},"author":1,"featured_media":0,"parent":0,"menu_order":0,"comment_status":"closed","ping_status":"closed","template":"","meta":{"_uag_custom_page_level_css":"","site-sidebar-layout":"default","site-content-layout":"","ast-site-content-layout":"","site-content-style":"default","site-sidebar-style":"default","ast-global-header-display":"","ast-banner-title-visibility":"","ast-main-header-display":"","ast-hfb-above-header-display":"","ast-hfb-below-header-display":"","ast-hfb-mobile-header-display":"","site-post-title":"","ast-breadcrumbs-content":"","ast-featured-img":"","footer-sml-layout":"","theme-transparent-header-meta":"","adv-header-id-meta":"","stick-header-meta":"","header-above-stick-meta":"","header-main-stick-meta":"","header-below-stick-meta":"","astra-migrate-meta-layouts":"default","ast-page-background-enabled":"default","ast-page-background-meta":{"desktop":{"background-color":"var(--ast-global-color-4)","background-image":"","background-repeat":"repeat","background-position":"center center","background-size":"auto","background-attachment":"scroll","background-type":"","background-media":"","overlay-type":"","overlay-color":"","overlay-opacity":"","overlay-gradient":""},"tablet":{"background-color":"","background-image":"","background-repeat":"repeat","background-position":"center center","background-size":"auto","background-attachment":"scroll","background-type":"","background-media":"","overlay-type":"","overlay-color":"","overlay-opacity":"","overlay-gradient":""},"mobile":{"background-color":"","background-image":"","background-repeat":"repeat","background-position":"center center","background-size":"auto","background-attachment":"scroll","background-type":"","background-media":"","overlay-type":"","overlay-color":"","overlay-opacity":"","overlay-gradient":""}},"ast-content-background-meta":{"desktop":{"background-color":"var(--ast-global-color-5)","background-image":"","background-repeat":"repeat","background-position":"center center","background-size":"auto","background-attachment":"scroll","background-type":"","background-media":"","overlay-type":"","overlay-color":"","overlay-opacity":"","overlay-gradient":""},"tablet":{"background-color":"var(--ast-global-color-5)","background-image":"","background-repeat":"repeat","background-position":"center center","background-size":"auto","background-attachment":"scroll","background-type":"","background-media":"","overlay-type":"","overlay-color":"","overlay-opacity":"","overlay-gradient":""},"mobile":{"background-color":"var(--ast-global-color-5)","background-image":"","background-repeat":"repeat","background-position":"center center","background-size":"auto","background-attachment":"scroll","background-type":"","background-media":"","overlay-type":"","overlay-color":"","overlay-opacity":"","overlay-gradient":""}},"footnotes":""},"class_list":["post-972","page","type-page","status-publish","hentry"],"yoast_head":"<!-- This site is optimized with the Yoast SEO Premium plugin v22.5 (Yoast SEO v23.7) - https:\/\/yoast.com\/wordpress\/plugins\/seo\/ -->\n<title>Cookies - Atsumi Naturals<\/title>\n<meta name=\"robots\" content=\"index, follow, max-snippet:-1, max-image-preview:large, max-video-preview:-1\" \/>\n<link rel=\"canonical\" href=\"https:\/\/atsuminaturals.com\/en\/cookies\/\" \/>\n<meta property=\"og:locale\" content=\"en_GB\" \/>\n<meta property=\"og:type\" content=\"article\" \/>\n<meta property=\"og:title\" content=\"Cookies\" \/>\n<meta property=\"og:description\" content=\"Pol\u00edtica de Cookies \u00daltima actualizaci\u00f3n: 28\/09\/2024 En Atsumi Naturals utilizamos cookies para mejorar tu experiencia en nuestro sitio web https:\/\/atsuminaturals.com. [&hellip;]\" \/>\n<meta property=\"og:url\" content=\"https:\/\/atsuminaturals.com\/en\/cookies\/\" \/>\n<meta property=\"og:site_name\" content=\"Atsumi Naturals\" \/>\n<meta property=\"article:modified_time\" content=\"2024-09-28T11:42:03+00:00\" \/>\n<meta name=\"twitter:card\" content=\"summary_large_image\" \/>\n<meta name=\"twitter:site\" content=\"@AtsumiNaturals\" \/>\n<meta name=\"twitter:label1\" content=\"Estimated reading time\" \/>\n\t<meta name=\"twitter:data1\" content=\"3 minutes\" \/>\n<script type=\"application\/ld+json\" class=\"yoast-schema-graph\">{\"@context\":\"https:\/\/schema.org\",\"@graph\":[{\"@type\":\"WebPage\",\"@id\":\"https:\/\/atsuminaturals.com\/cookies\/\",\"url\":\"https:\/\/atsuminaturals.com\/cookies\/\",\"name\":\"Cookies - Atsumi Naturals\",\"isPartOf\":{\"@id\":\"https:\/\/atsuminaturals.com\/#website\"},\"datePublished\":\"2024-09-28T11:42:02+00:00\",\"dateModified\":\"2024-09-28T11:42:03+00:00\",\"breadcrumb\":{\"@id\":\"https:\/\/atsuminaturals.com\/cookies\/#breadcrumb\"},\"inLanguage\":\"en-GB\",\"potentialAction\":[{\"@type\":\"ReadAction\",\"target\":[\"https:\/\/atsuminaturals.com\/cookies\/\"]}]},{\"@type\":\"BreadcrumbList\",\"@id\":\"https:\/\/atsuminaturals.com\/cookies\/#breadcrumb\",\"itemListElement\":[{\"@type\":\"ListItem\",\"position\":1,\"name\":\"Portada\",\"item\":\"https:\/\/atsuminaturals.com\/\"},{\"@type\":\"ListItem\",\"position\":2,\"name\":\"Cookies\"}]},{\"@type\":\"WebSite\",\"@id\":\"https:\/\/atsuminaturals.com\/#website\",\"url\":\"https:\/\/atsuminaturals.com\/\",\"name\":\"Atsumi Naturals\",\"description\":\"\",\"publisher\":{\"@id\":\"https:\/\/atsuminaturals.com\/#organization\"},\"potentialAction\":[{\"@type\":\"SearchAction\",\"target\":{\"@type\":\"EntryPoint\",\"urlTemplate\":\"https:\/\/atsuminaturals.com\/?s={search_term_string}\"},\"query-input\":{\"@type\":\"PropertyValueSpecification\",\"valueRequired\":true,\"valueName\":\"search_term_string\"}}],\"inLanguage\":\"en-GB\"},{\"@type\":[\"Organization\",\"Place\"],\"@id\":\"https:\/\/atsuminaturals.com\/#organization\",\"name\":\"Atsumi Naturals\",\"url\":\"https:\/\/atsuminaturals.com\/\",\"logo\":{\"@id\":\"https:\/\/atsuminaturals.com\/cookies\/#local-main-organization-logo\"},\"image\":{\"@id\":\"https:\/\/atsuminaturals.com\/cookies\/#local-main-organization-logo\"},\"sameAs\":[\"https:\/\/x.com\/AtsumiNaturals\",\"https:\/\/instagram.com\/AtsumiNaturals\"],\"openingHoursSpecification\":[{\"@type\":\"OpeningHoursSpecification\",\"dayOfWeek\":[\"Monday\",\"Tuesday\",\"Wednesday\",\"Thursday\",\"Friday\",\"Saturday\",\"Sunday\"],\"opens\":\"09:00\",\"closes\":\"17:00\"}]},{\"@type\":\"ImageObject\",\"inLanguage\":\"en-GB\",\"@id\":\"https:\/\/atsuminaturals.com\/cookies\/#local-main-organization-logo\",\"url\":\"https:\/\/atsuminaturals.com\/wp-content\/uploads\/2024\/09\/cropped-atsumu-naturals-logo-no-background.webp\",\"contentUrl\":\"https:\/\/atsuminaturals.com\/wp-content\/uploads\/2024\/09\/cropped-atsumu-naturals-logo-no-background.webp\",\"width\":729,\"height\":749,\"caption\":\"Atsumi Naturals\"}]}<\/script>\n<!-- \/ Yoast SEO Premium plugin. -->","yoast_head_json":{"title":"Cookies - Atsumi Naturals","robots":{"index":"index","follow":"follow","max-snippet":"max-snippet:-1","max-image-preview":"max-image-preview:large","max-video-preview":"max-video-preview:-1"},"canonical":"https:\/\/atsuminaturals.com\/en\/cookies\/","og_locale":"en_GB","og_type":"article","og_title":"Cookies","og_description":"Pol\u00edtica de Cookies \u00daltima actualizaci\u00f3n: 28\/09\/2024 En Atsumi Naturals utilizamos cookies para mejorar tu experiencia en nuestro sitio web https:\/\/atsuminaturals.com. [&hellip;]","og_url":"https:\/\/atsuminaturals.com\/en\/cookies\/","og_site_name":"Atsumi Naturals","article_modified_time":"2024-09-28T11:42:03+00:00","twitter_card":"summary_large_image","twitter_site":"@AtsumiNaturals","twitter_misc":{"Estimated reading time":"3 minutes"},"schema":{"@context":"https:\/\/schema.org","@graph":[{"@type":"WebPage","@id":"https:\/\/atsuminaturals.com\/cookies\/","url":"https:\/\/atsuminaturals.com\/cookies\/","name":"Cookies - Atsumi Naturals","isPartOf":{"@id":"https:\/\/atsuminaturals.com\/#website"},"datePublished":"2024-09-28T11:42:02+00:00","dateModified":"2024-09-28T11:42:03+00:00","breadcrumb":{"@id":"https:\/\/atsuminaturals.com\/cookies\/#breadcrumb"},"inLanguage":"en-GB","potentialAction":[{"@type":"ReadAction","target":["https:\/\/atsuminaturals.com\/cookies\/"]}]},{"@type":"BreadcrumbList","@id":"https:\/\/atsuminaturals.com\/cookies\/#breadcrumb","itemListElement":[{"@type":"ListItem","position":1,"name":"Portada","item":"https:\/\/atsuminaturals.com\/"},{"@type":"ListItem","position":2,"name":"Cookies"}]},{"@type":"WebSite","@id":"https:\/\/atsuminaturals.com\/#website","url":"https:\/\/atsuminaturals.com\/","name":"Atsumi Naturals","description":"","publisher":{"@id":"https:\/\/atsuminaturals.com\/#organization"},"potentialAction":[{"@type":"SearchAction","target":{"@type":"EntryPoint","urlTemplate":"https:\/\/atsuminaturals.com\/?s={search_term_string}"},"query-input":{"@type":"PropertyValueSpecification","valueRequired":true,"valueName":"search_term_string"}}],"inLanguage":"en-GB"},{"@type":["Organization","Place"],"@id":"https:\/\/atsuminaturals.com\/#organization","name":"Atsumi Naturals","url":"https:\/\/atsuminaturals.com\/","logo":{"@id":"https:\/\/atsuminaturals.com\/cookies\/#local-main-organization-logo"},"image":{"@id":"https:\/\/atsuminaturals.com\/cookies\/#local-main-organization-logo"},"sameAs":["https:\/\/x.com\/AtsumiNaturals","https:\/\/instagram.com\/AtsumiNaturals"],"openingHoursSpecification":[{"@type":"OpeningHoursSpecification","dayOfWeek":["Monday","Tuesday","Wednesday","Thursday","Friday","Saturday","Sunday"],"opens":"09:00","closes":"17:00"}]},{"@type":"ImageObject","inLanguage":"en-GB","@id":"https:\/\/atsuminaturals.com\/cookies\/#local-main-organization-logo","url":"https:\/\/atsuminaturals.com\/wp-content\/uploads\/2024\/09\/cropped-atsumu-naturals-logo-no-background.webp","contentUrl":"https:\/\/atsuminaturals.com\/wp-content\/uploads\/2024\/09\/cropped-atsumu-naturals-logo-no-background.webp","width":729,"height":749,"caption":"Atsumi Naturals"}]}},"uagb_featured_image_src":{"full":false,"thumbnail":false,"medium":false,"medium_large":false,"large":false,"1536x1536":false,"2048x2048":false,"trp-custom-language-flag":false,"woocommerce_thumbnail":false,"woocommerce_single":false,"woocommerce_gallery_thumbnail":false},"uagb_author_info":{"display_name":"Atsumi Naturals","author_link":"https:\/\/atsuminaturals.com\/en\/author\/sircsfgmail-com\/"},"uagb_comment_info":0,"uagb_excerpt":"Pol\u00edtica de Cookies \u00daltima actualizaci\u00f3n: 28\/09\/2024 En Atsumi Naturals utilizamos cookies para mejorar tu experiencia en nuestro sitio web https:\/\/atsuminaturals.com. [&hellip;]","_links":{"self":[{"href":"https:\/\/atsuminaturals.com\/en\/wp-json\/wp\/v2\/pages\/972"}],"collection":[{"href":"https:\/\/atsuminaturals.com\/en\/wp-json\/wp\/v2\/pages"}],"about":[{"href":"https:\/\/atsuminaturals.com\/en\/wp-json\/wp\/v2\/types\/page"}],"author":[{"embeddable":true,"href":"https:\/\/atsuminaturals.com\/en\/wp-json\/wp\/v2\/users\/1"}],"replies":[{"embeddable":true,"href":"https:\/\/atsuminaturals.com\/en\/wp-json\/wp\/v2\/comments?post=972"}],"version-history":[{"count":1,"href":"https:\/\/atsuminaturals.com\/en\/wp-json\/wp\/v2\/pages\/972\/revisions"}],"predecessor-version":[{"id":973,"href":"https:\/\/atsuminaturals.com\/en\/wp-json\/wp\/v2\/pages\/972\/revisions\/973"}],"wp:attachment":[{"href":"https:\/\/atsuminaturals.com\/en\/wp-json\/wp\/v2\/media?parent=972"}],"curies":[{"name":"wp","href":"https:\/\/api.w.org\/{rel}","templated":true}]}}