{"id":1018,"date":"2024-10-13T10:48:11","date_gmt":"2024-10-13T10:48:11","guid":{"rendered":"https:\/\/atsuminaturals.com\/?page_id=1018"},"modified":"2024-10-19T13:53:55","modified_gmt":"2024-10-19T13:53:55","slug":"nuestro-te-matcha","status":"publish","type":"page","link":"https:\/\/atsuminaturals.com\/en\/nuestro-te-matcha\/","title":{"rendered":"Nuestro t\u00e9 matcha"},"content":{"rendered":"<div class=\"wp-block-uagb-container uagb-block-90030810 alignfull uagb-is-root-container\"><div class=\"uagb-container-inner-blocks-wrap\"><div class=\"wp-block-uagb-advanced-heading uagb-block-eb69cfac\"><h1 class=\"uagb-heading-text\">Nuestro t\u00e9 matcha<\/h1><\/div><\/div><\/div><div class=\"wp-block-uagb-container uagb-block-8595fcf5 alignfull uagb-is-root-container\"><div class=\"uagb-container-inner-blocks-wrap\"><div class=\"wp-block-uagb-advanced-heading uagb-block-a1318768\"><h2 class=\"uagb-heading-text\">T\u00e9 matcha con una tradici\u00f3n milenaria<\/h2><\/div>\n\n<div class=\"wp-block-uagb-container uagb-block-10015650 default uagb-is-root-container\"><div class=\"wp-block-uagb-container uagb-block-1e62bf29\"><div class=\"wp-block-uagb-image alignleft uagb-block-d89abefd wp-block-uagb-image--layout-default wp-block-uagb-image--effect-static wp-block-uagb-image--align-left\"><figure class=\"wp-block-uagb-image__figure\"><img decoding=\"async\" srcset=\"https:\/\/atsuminaturals.com\/wp-content\/uploads\/2024\/10\/atsumi-naturals-cultivo-tradicional-china.webp ,https:\/\/atsuminaturals.com\/wp-content\/uploads\/2024\/10\/atsumi-naturals-cultivo-tradicional-china.webp 780w, https:\/\/atsuminaturals.com\/wp-content\/uploads\/2024\/10\/atsumi-naturals-cultivo-tradicional-china.webp 360w\" sizes=\"(max-width: 480px) 150px\" src=\"https:\/\/atsuminaturals.com\/wp-content\/uploads\/2024\/10\/atsumi-naturals-cultivo-tradicional-china.webp\" alt=\"Cultivo tradicional de t\u00e9 verde en China\" class=\"uag-image-1035\" width=\"346\" height=\"440\" title=\"atsumi-naturals-cultivo-tradicional-china\" loading=\"lazy\" role=\"img\"\/><\/figure><\/div><\/div>\n\n<div class=\"wp-block-uagb-container uagb-block-0d580909\"><div class=\"wp-block-uagb-image alignright uagb-block-4099a102 wp-block-uagb-image--layout-default wp-block-uagb-image--effect-static wp-block-uagb-image--align-right\"><figure class=\"wp-block-uagb-image__figure\"><img decoding=\"async\" srcset=\"https:\/\/atsuminaturals.com\/wp-content\/uploads\/2024\/10\/te-matcha-ceremonial.jpg ,https:\/\/atsuminaturals.com\/wp-content\/uploads\/2024\/10\/te-matcha-ceremonial.jpg 780w, https:\/\/atsuminaturals.com\/wp-content\/uploads\/2024\/10\/te-matcha-ceremonial.jpg 360w\" sizes=\"(max-width: 480px) 150px\" src=\"https:\/\/atsuminaturals.com\/wp-content\/uploads\/2024\/10\/te-matcha-ceremonial.jpg\" alt=\"T\u00e9 Matcha ceremonial\" class=\"uag-image-1022\" width=\"800\" height=\"440\" title=\"te-matcha-ceremonial\" loading=\"lazy\" role=\"img\"\/><\/figure><\/div>\n\n<div class=\"wp-block-uagb-advanced-heading uagb-block-ea0685d9 justificado\"><p class=\"uagb-heading-text\">Nuestro t\u00e9 matcha es el resultado de una tradici\u00f3n milenaria que ha cruzado fronteras y continentes. Cada hoja de t\u00e9 se cultiva con cuidado en su h\u00e1bitat natural, entre suelos ricos en minerales y un clima ideal para obtener la pureza de sabor. Lo que hace especial al matcha de nuestra producci\u00f3n es su autenticidad y equilibrio de sabor, sus acentos herbales suaves y un toque terroso ligero que aviva los sentidos.<\/p><p class=\"uagb-desc-text\">En China, el cultivo sigue siendo una producci\u00f3n artesanal que mantiene el vibrante color verde del polvo, suavidad y rico sabor, lo que hace que nuestro matcha sea una elecci\u00f3n ideal tanto para el consumo diario como para darle un toque especial a tus recetas favoritas.<br>Al elegir Atsumi Naturals, no solo tomas una taza de t\u00e9, sino tambi\u00e9n una historia y una tradici\u00f3n en su forma m\u00e1s pura y honesta, para aquellos que buscan lo verdadero e inigualable.<\/p><\/div><\/div><\/div><\/div><\/div><div class=\"wp-block-uagb-container uagb-block-97da0e9c alignfull uagb-is-root-container\"><div class=\"uagb-container-inner-blocks-wrap\"><div class=\"wp-block-uagb-advanced-heading uagb-block-29d512d7 justificado\"><h2 class=\"uagb-heading-text\">El origen de nuestro t\u00e9<\/h2><p class=\"uagb-desc-text\">El t\u00e9 matcha tiene profundas ra\u00edces en la historia china, donde la cultura del t\u00e9 ha sido un pilar esencial durante miles de a\u00f1os. Aunque el matcha se asocia com\u00fanmente con Jap\u00f3n, fue en China donde se comenz\u00f3 a desarrollar la t\u00e9cnica de moler las hojas de t\u00e9 en polvo fino. Durante la dinast\u00eda Tang (618-907), los monjes budistas adoptaron el consumo de t\u00e9 molido como parte de sus pr\u00e1cticas meditativas, aprovechando sus efectos energizantes y su capacidad para promover la concentraci\u00f3n.<br>&nbsp;<br>M\u00e1s tarde, en la dinast\u00eda Song (960-1279), el t\u00e9 en polvo se convirti\u00f3 en un arte refinado. Los rituales del t\u00e9 eran comunes entre la nobleza y los intelectuales, quienes organizaban ceremonias en las que se mezclaba el t\u00e9 en polvo con agua caliente, bati\u00e9ndolo hasta lograr una espuma fina en la superficie, similar a la preparaci\u00f3n del matcha actual. Fue en este periodo que el t\u00e9 en polvo alcanz\u00f3 su m\u00e1ximo esplendor en China, con estilos y m\u00e9todos de preparaci\u00f3n que inspiraron las ceremonias japonesas que surgir\u00edan m\u00e1s adelante.<br><\/p><\/div>\n\n<div class=\"wp-block-uagb-image alignright uagb-block-2b7fcaa8 wp-block-uagb-image--layout-default wp-block-uagb-image--effect-static wp-block-uagb-image--align-right\"><figure class=\"wp-block-uagb-image__figure\"><img decoding=\"async\" srcset=\"https:\/\/atsuminaturals.com\/wp-content\/uploads\/2024\/10\/Te-chino-imperial-atsumi-naurals.webp ,https:\/\/atsuminaturals.com\/wp-content\/uploads\/2024\/10\/Te-chino-imperial-atsumi-naurals.webp 780w, https:\/\/atsuminaturals.com\/wp-content\/uploads\/2024\/10\/Te-chino-imperial-atsumi-naurals.webp 360w\" sizes=\"(max-width: 480px) 150px\" src=\"https:\/\/atsuminaturals.com\/wp-content\/uploads\/2024\/10\/Te-chino-imperial-atsumi-naurals.webp\" alt=\"China imperial\" class=\"uag-image-1037\" width=\"544\" height=\"500\" title=\"Te-chino-imperial-atsumi-naurals\" loading=\"lazy\" role=\"img\"\/><\/figure><\/div><\/div><\/div><div class=\"wp-block-uagb-container uagb-block-2f9a08d2 alignfull uagb-is-root-container\"><div class=\"uagb-container-inner-blocks-wrap\"><div class=\"wp-block-uagb-container uagb-block-9172e422\"><figure class=\"wp-block-video alignwide\" style=\"margin-top:0;margin-right:0;margin-bottom:0;margin-left:0;padding-top:0;padding-bottom:0\"><video controls src=\"https:\/\/atsuminaturals.com\/wp-content\/uploads\/2024\/10\/Atsumi-Naturals-Cultivo-Tradicional.mp4\"><\/video><\/figure><\/div>\n\n<div class=\"wp-block-uagb-container uagb-block-504e5bbb\"><div class=\"wp-block-uagb-advanced-heading uagb-block-eeafe160 justificado\"><h2 class=\"uagb-heading-text\">Cultivo tradicional<\/h2><p class=\"uagb-desc-text\">El cultivo de nuestras plantas de t\u00e9 se realiza en suelos ricos en nutrientes, cuidadosamente seleccionados y libres de pesticidas o productos qu\u00edmicos, lo que asegura que el matcha sea completamente org\u00e1nico. Las hojas se protegen de la luz solar durante las \u00faltimas semanas antes de la cosecha, lo que potencia la concentraci\u00f3n de clorofila, dando lugar a ese vibrante color verde que caracteriza al matcha.<br><br>El proceso de recolecci\u00f3n es manual, lo que permite seleccionar solo las hojas m\u00e1s tiernas y j\u00f3venes. Esta t\u00e9cnica no solo garantiza la calidad del producto, sino que tambi\u00e9n asegura un trato justo para los agricultores, quienes son valorados por su habilidad y dedicaci\u00f3n.<br><br>Tras la recolecci\u00f3n, las hojas se procesan de manera cuidadosa y artesanal. El secado y molienda se realizan con herramientas tradicionales, como molinos de piedra, para conservar las propiedades nutritivas y antioxidantes del matcha. Este m\u00e9todo de procesamiento no genera desechos t\u00f3xicos, lo que lo hace respetuoso con el medio ambiente.<\/p><\/div><\/div><\/div><\/div><div class=\"wp-block-uagb-container uagb-block-ded52e00 alignfull uagb-is-root-container\"><div class=\"uagb-container-inner-blocks-wrap\"><div class=\"wp-block-uagb-container uagb-block-b6d0a0b2\"><div class=\"wp-block-uagb-advanced-heading uagb-block-c6e661d1 justificado\"><h2 class=\"uagb-heading-text\">Los notas de sabor de nuestro t\u00e9 matcha<\/h2><p class=\"uagb-desc-text\">El t\u00e9 matcha chino se caracteriza por tener unas notas profundas que muchos aficionados al t\u00e9 aprecian. Este matiz sofisticado aporta profundidad al perfil de sabor, ofreciendo una experiencia m\u00e1s rica y aut\u00e9ntica que refleja las caracter\u00edsticas del entorno natural donde se cultiva el t\u00e9. Es un rasgo que lo diferencia del matcha japon\u00e9s, conocido por su sabor m\u00e1s delicado y suave, y permite que cada sorbo tenga un car\u00e1cter \u00fanico.<br><br>Para quienes buscan una experiencia de t\u00e9 que se salga de lo convencional, el toque caracer\u00edstico del matcha chino es una oportunidad para explorar un lado menos conocido del matcha. Adem\u00e1s, ese sabor es un indicativo de la riqueza mineral del suelo en el que crecen las hojas, lo que aporta beneficios adicionales en cuanto a su valor nutricional.<br><br>El t\u00e9 matcha chino es una expresi\u00f3n aut\u00e9ntica de la naturaleza y la tradici\u00f3n del t\u00e9 en China, ofreciendo una experiencia genuina y compleja que invita a disfrutar del matcha de una manera diferente.<\/p><\/div><\/div>\n\n<div class=\"wp-block-uagb-container uagb-block-f5c8b559\"><figure class=\"wp-block-image alignfull size-full is-style-default\"><img loading=\"lazy\" decoding=\"async\" width=\"450\" height=\"674\" src=\"https:\/\/atsuminaturals.com\/wp-content\/uploads\/2024\/10\/atsumi-naturals-te-chino.webp\" alt=\"Cultivo de t\u00e9 matcha chino de la forma tradicional\" class=\"wp-image-1039\" srcset=\"https:\/\/atsuminaturals.com\/wp-content\/uploads\/2024\/10\/atsumi-naturals-te-chino.webp 450w, https:\/\/atsuminaturals.com\/wp-content\/uploads\/2024\/10\/atsumi-naturals-te-chino-200x300.webp 200w, https:\/\/atsuminaturals.com\/wp-content\/uploads\/2024\/10\/atsumi-naturals-te-chino-8x12.webp 8w\" sizes=\"(max-width: 450px) 100vw, 450px\" \/><\/figure><\/div><\/div><\/div><div class=\"wp-block-uagb-container uagb-block-a8023e04 alignfull uagb-is-root-container\"><div class=\"uagb-container-inner-blocks-wrap\"><div class=\"wp-block-uagb-info-box uagb-block-51faea92 uagb-infobox__content-wrap  uagb-infobox-icon-above-title uagb-infobox-image-valign-top\"><div class=\"uagb-ifb-content\"><div class=\"uagb-ifb-title-wrap\"><h2 class=\"uagb-ifb-title\">Join our community<\/h2><\/div><p class=\"uagb-ifb-desc\">Discover the benefits of a healthy and sustainable lifestyle with our matcha tea. Place your order today!<\/p><div class=\"uagb-ifb-button-wrapper wp-block-button\"><a href=\"\/en\/tienda\/\" class=\"uagb-infobox-cta-link wp-block-button__link\" target=\"_self\" rel=\"noopener noreferrer\" onclick=\"return true;\"><span class=\"uagb-inline-editing\">Buy Now<\/span><\/a><\/div><\/div><\/div><\/div><\/div><p><\/p>","protected":false},"excerpt":{"rendered":"<p>Nuestro t\u00e9 matcha T\u00e9 matcha con una tradici\u00f3n milenaria Nuestro t\u00e9 matcha es el resultado de una tradici\u00f3n milenaria que [&hellip;]<\/p>","protected":false},"author":1,"featured_media":0,"parent":0,"menu_order":0,"comment_status":"closed","ping_status":"closed","template":"","meta":{"_uag_custom_page_level_css":"","site-sidebar-layout":"no-sidebar","site-content-layout":"","ast-site-content-layout":"normal-width-container","site-content-style":"default","site-sidebar-style":"default","ast-global-header-display":"","ast-banner-title-visibility":"disabled","ast-main-header-display":"","ast-hfb-above-header-display":"","ast-hfb-below-header-display":"","ast-hfb-mobile-header-display":"","site-post-title":"","ast-breadcrumbs-content":"","ast-featured-img":"","footer-sml-layout":"","theme-transparent-header-meta":"enabled","adv-header-id-meta":"","stick-header-meta":"","header-above-stick-meta":"","header-main-stick-meta":"","header-below-stick-meta":"","astra-migrate-meta-layouts":"default","ast-page-background-enabled":"default","ast-page-background-meta":{"desktop":{"background-color":"var(--ast-global-color-4)","background-image":"","background-repeat":"repeat","background-position":"center center","background-size":"auto","background-attachment":"scroll","background-type":"","background-media":"","overlay-type":"","overlay-color":"","overlay-opacity":"","overlay-gradient":""},"tablet":{"background-color":"","background-image":"","background-repeat":"repeat","background-position":"center center","background-size":"auto","background-attachment":"scroll","background-type":"","background-media":"","overlay-type":"","overlay-color":"","overlay-opacity":"","overlay-gradient":""},"mobile":{"background-color":"","background-image":"","background-repeat":"repeat","background-position":"center center","background-size":"auto","background-attachment":"scroll","background-type":"","background-media":"","overlay-type":"","overlay-color":"","overlay-opacity":"","overlay-gradient":""}},"ast-content-background-meta":{"desktop":{"background-color":"var(--ast-global-color-5)","background-image":"","background-repeat":"repeat","background-position":"center center","background-size":"auto","background-attachment":"scroll","background-type":"","background-media":"","overlay-type":"","overlay-color":"","overlay-opacity":"","overlay-gradient":""},"tablet":{"background-color":"var(--ast-global-color-5)","background-image":"","background-repeat":"repeat","background-position":"center center","background-size":"auto","background-attachment":"scroll","background-type":"","background-media":"","overlay-type":"","overlay-color":"","overlay-opacity":"","overlay-gradient":""},"mobile":{"background-color":"var(--ast-global-color-5)","background-image":"","background-repeat":"repeat","background-position":"center center","background-size":"auto","background-attachment":"scroll","background-type":"","background-media":"","overlay-type":"","overlay-color":"","overlay-opacity":"","overlay-gradient":""}},"footnotes":""},"class_list":["post-1018","page","type-page","status-publish","hentry"],"yoast_head":"<!-- This site is optimized with the Yoast SEO Premium plugin v22.5 (Yoast SEO v23.7) - https:\/\/yoast.com\/wordpress\/plugins\/seo\/ -->\n<title>Nuestro t\u00e9 matcha - Atsumi Naturals<\/title>\n<meta name=\"description\" content=\"Nuestro t\u00e9 matcha es el resultado de una tradici\u00f3n milenaria que ha cruzado fronteras y continentes. Cada hoja de t\u00e9 se cultiva con cuidado.\" \/>\n<meta name=\"robots\" content=\"index, follow, max-snippet:-1, max-image-preview:large, max-video-preview:-1\" \/>\n<link rel=\"canonical\" href=\"https:\/\/atsuminaturals.com\/en\/nuestro-te-matcha\/\" \/>\n<meta property=\"og:locale\" content=\"en_GB\" \/>\n<meta property=\"og:type\" content=\"article\" \/>\n<meta property=\"og:title\" content=\"Nuestro t\u00e9 matcha\" \/>\n<meta property=\"og:description\" content=\"Nuestro t\u00e9 matcha es el resultado de una tradici\u00f3n milenaria que ha cruzado fronteras y continentes. Cada hoja de t\u00e9 se cultiva con cuidado.\" \/>\n<meta property=\"og:url\" content=\"https:\/\/atsuminaturals.com\/en\/nuestro-te-matcha\/\" \/>\n<meta property=\"og:site_name\" content=\"Atsumi Naturals\" \/>\n<meta property=\"article:modified_time\" content=\"2024-10-19T13:53:55+00:00\" \/>\n<meta property=\"og:image\" content=\"https:\/\/atsuminaturals.com\/wp-content\/uploads\/2024\/10\/atsumi-naturals-cultivo-tradicional-china.webp\" \/>\n<meta name=\"twitter:card\" content=\"summary_large_image\" \/>\n<meta name=\"twitter:site\" content=\"@AtsumiNaturals\" \/>\n<meta name=\"twitter:label1\" content=\"Estimated reading time\" \/>\n\t<meta name=\"twitter:data1\" content=\"4 minutes\" \/>\n<script type=\"application\/ld+json\" class=\"yoast-schema-graph\">{\"@context\":\"https:\/\/schema.org\",\"@graph\":[{\"@type\":\"WebPage\",\"@id\":\"https:\/\/atsuminaturals.com\/nuestro-te-matcha\/\",\"url\":\"https:\/\/atsuminaturals.com\/nuestro-te-matcha\/\",\"name\":\"Nuestro t\u00e9 matcha - Atsumi Naturals\",\"isPartOf\":{\"@id\":\"https:\/\/atsuminaturals.com\/#website\"},\"primaryImageOfPage\":{\"@id\":\"https:\/\/atsuminaturals.com\/nuestro-te-matcha\/#primaryimage\"},\"image\":{\"@id\":\"https:\/\/atsuminaturals.com\/nuestro-te-matcha\/#primaryimage\"},\"thumbnailUrl\":\"https:\/\/atsuminaturals.com\/wp-content\/uploads\/2024\/10\/atsumi-naturals-cultivo-tradicional-china.webp\",\"datePublished\":\"2024-10-13T10:48:11+00:00\",\"dateModified\":\"2024-10-19T13:53:55+00:00\",\"description\":\"Nuestro t\u00e9 matcha es el resultado de una tradici\u00f3n milenaria que ha cruzado fronteras y continentes. Cada hoja de t\u00e9 se cultiva con cuidado.\",\"breadcrumb\":{\"@id\":\"https:\/\/atsuminaturals.com\/nuestro-te-matcha\/#breadcrumb\"},\"inLanguage\":\"en-GB\",\"potentialAction\":[{\"@type\":\"ReadAction\",\"target\":[\"https:\/\/atsuminaturals.com\/nuestro-te-matcha\/\"]}]},{\"@type\":\"ImageObject\",\"inLanguage\":\"en-GB\",\"@id\":\"https:\/\/atsuminaturals.com\/nuestro-te-matcha\/#primaryimage\",\"url\":\"https:\/\/atsuminaturals.com\/wp-content\/uploads\/2024\/10\/atsumi-naturals-cultivo-tradicional-china.webp\",\"contentUrl\":\"https:\/\/atsuminaturals.com\/wp-content\/uploads\/2024\/10\/atsumi-naturals-cultivo-tradicional-china.webp\"},{\"@type\":\"BreadcrumbList\",\"@id\":\"https:\/\/atsuminaturals.com\/nuestro-te-matcha\/#breadcrumb\",\"itemListElement\":[{\"@type\":\"ListItem\",\"position\":1,\"name\":\"Portada\",\"item\":\"https:\/\/atsuminaturals.com\/\"},{\"@type\":\"ListItem\",\"position\":2,\"name\":\"Nuestro t\u00e9 matcha\"}]},{\"@type\":\"WebSite\",\"@id\":\"https:\/\/atsuminaturals.com\/#website\",\"url\":\"https:\/\/atsuminaturals.com\/\",\"name\":\"Atsumi Naturals\",\"description\":\"\",\"publisher\":{\"@id\":\"https:\/\/atsuminaturals.com\/#organization\"},\"potentialAction\":[{\"@type\":\"SearchAction\",\"target\":{\"@type\":\"EntryPoint\",\"urlTemplate\":\"https:\/\/atsuminaturals.com\/?s={search_term_string}\"},\"query-input\":{\"@type\":\"PropertyValueSpecification\",\"valueRequired\":true,\"valueName\":\"search_term_string\"}}],\"inLanguage\":\"en-GB\"},{\"@type\":[\"Organization\",\"Place\"],\"@id\":\"https:\/\/atsuminaturals.com\/#organization\",\"name\":\"Atsumi Naturals\",\"url\":\"https:\/\/atsuminaturals.com\/\",\"logo\":{\"@id\":\"https:\/\/atsuminaturals.com\/nuestro-te-matcha\/#local-main-organization-logo\"},\"image\":{\"@id\":\"https:\/\/atsuminaturals.com\/nuestro-te-matcha\/#local-main-organization-logo\"},\"sameAs\":[\"https:\/\/x.com\/AtsumiNaturals\",\"https:\/\/instagram.com\/AtsumiNaturals\"],\"openingHoursSpecification\":[{\"@type\":\"OpeningHoursSpecification\",\"dayOfWeek\":[\"Monday\",\"Tuesday\",\"Wednesday\",\"Thursday\",\"Friday\",\"Saturday\",\"Sunday\"],\"opens\":\"09:00\",\"closes\":\"17:00\"}]},{\"@type\":\"ImageObject\",\"inLanguage\":\"en-GB\",\"@id\":\"https:\/\/atsuminaturals.com\/nuestro-te-matcha\/#local-main-organization-logo\",\"url\":\"https:\/\/atsuminaturals.com\/wp-content\/uploads\/2024\/09\/cropped-atsumu-naturals-logo-no-background.webp\",\"contentUrl\":\"https:\/\/atsuminaturals.com\/wp-content\/uploads\/2024\/09\/cropped-atsumu-naturals-logo-no-background.webp\",\"width\":729,\"height\":749,\"caption\":\"Atsumi Naturals\"}]}<\/script>\n<!-- \/ Yoast SEO Premium plugin. -->","yoast_head_json":{"title":"Nuestro t\u00e9 matcha - Atsumi Naturals","description":"Nuestro t\u00e9 matcha es el resultado de una tradici\u00f3n milenaria que ha cruzado fronteras y continentes. Cada hoja de t\u00e9 se cultiva con cuidado.","robots":{"index":"index","follow":"follow","max-snippet":"max-snippet:-1","max-image-preview":"max-image-preview:large","max-video-preview":"max-video-preview:-1"},"canonical":"https:\/\/atsuminaturals.com\/en\/nuestro-te-matcha\/","og_locale":"en_GB","og_type":"article","og_title":"Nuestro t\u00e9 matcha","og_description":"Nuestro t\u00e9 matcha es el resultado de una tradici\u00f3n milenaria que ha cruzado fronteras y continentes. Cada hoja de t\u00e9 se cultiva con cuidado.","og_url":"https:\/\/atsuminaturals.com\/en\/nuestro-te-matcha\/","og_site_name":"Atsumi Naturals","article_modified_time":"2024-10-19T13:53:55+00:00","og_image":[{"url":"https:\/\/atsuminaturals.com\/wp-content\/uploads\/2024\/10\/atsumi-naturals-cultivo-tradicional-china.webp"}],"twitter_card":"summary_large_image","twitter_site":"@AtsumiNaturals","twitter_misc":{"Estimated reading time":"4 minutes"},"schema":{"@context":"https:\/\/schema.org","@graph":[{"@type":"WebPage","@id":"https:\/\/atsuminaturals.com\/nuestro-te-matcha\/","url":"https:\/\/atsuminaturals.com\/nuestro-te-matcha\/","name":"Nuestro t\u00e9 matcha - Atsumi Naturals","isPartOf":{"@id":"https:\/\/atsuminaturals.com\/#website"},"primaryImageOfPage":{"@id":"https:\/\/atsuminaturals.com\/nuestro-te-matcha\/#primaryimage"},"image":{"@id":"https:\/\/atsuminaturals.com\/nuestro-te-matcha\/#primaryimage"},"thumbnailUrl":"https:\/\/atsuminaturals.com\/wp-content\/uploads\/2024\/10\/atsumi-naturals-cultivo-tradicional-china.webp","datePublished":"2024-10-13T10:48:11+00:00","dateModified":"2024-10-19T13:53:55+00:00","description":"Nuestro t\u00e9 matcha es el resultado de una tradici\u00f3n milenaria que ha cruzado fronteras y continentes. Cada hoja de t\u00e9 se cultiva con cuidado.","breadcrumb":{"@id":"https:\/\/atsuminaturals.com\/nuestro-te-matcha\/#breadcrumb"},"inLanguage":"en-GB","potentialAction":[{"@type":"ReadAction","target":["https:\/\/atsuminaturals.com\/nuestro-te-matcha\/"]}]},{"@type":"ImageObject","inLanguage":"en-GB","@id":"https:\/\/atsuminaturals.com\/nuestro-te-matcha\/#primaryimage","url":"https:\/\/atsuminaturals.com\/wp-content\/uploads\/2024\/10\/atsumi-naturals-cultivo-tradicional-china.webp","contentUrl":"https:\/\/atsuminaturals.com\/wp-content\/uploads\/2024\/10\/atsumi-naturals-cultivo-tradicional-china.webp"},{"@type":"BreadcrumbList","@id":"https:\/\/atsuminaturals.com\/nuestro-te-matcha\/#breadcrumb","itemListElement":[{"@type":"ListItem","position":1,"name":"Portada","item":"https:\/\/atsuminaturals.com\/"},{"@type":"ListItem","position":2,"name":"Nuestro t\u00e9 matcha"}]},{"@type":"WebSite","@id":"https:\/\/atsuminaturals.com\/#website","url":"https:\/\/atsuminaturals.com\/","name":"Atsumi Naturals","description":"","publisher":{"@id":"https:\/\/atsuminaturals.com\/#organization"},"potentialAction":[{"@type":"SearchAction","target":{"@type":"EntryPoint","urlTemplate":"https:\/\/atsuminaturals.com\/?s={search_term_string}"},"query-input":{"@type":"PropertyValueSpecification","valueRequired":true,"valueName":"search_term_string"}}],"inLanguage":"en-GB"},{"@type":["Organization","Place"],"@id":"https:\/\/atsuminaturals.com\/#organization","name":"Atsumi Naturals","url":"https:\/\/atsuminaturals.com\/","logo":{"@id":"https:\/\/atsuminaturals.com\/nuestro-te-matcha\/#local-main-organization-logo"},"image":{"@id":"https:\/\/atsuminaturals.com\/nuestro-te-matcha\/#local-main-organization-logo"},"sameAs":["https:\/\/x.com\/AtsumiNaturals","https:\/\/instagram.com\/AtsumiNaturals"],"openingHoursSpecification":[{"@type":"OpeningHoursSpecification","dayOfWeek":["Monday","Tuesday","Wednesday","Thursday","Friday","Saturday","Sunday"],"opens":"09:00","closes":"17:00"}]},{"@type":"ImageObject","inLanguage":"en-GB","@id":"https:\/\/atsuminaturals.com\/nuestro-te-matcha\/#local-main-organization-logo","url":"https:\/\/atsuminaturals.com\/wp-content\/uploads\/2024\/09\/cropped-atsumu-naturals-logo-no-background.webp","contentUrl":"https:\/\/atsuminaturals.com\/wp-content\/uploads\/2024\/09\/cropped-atsumu-naturals-logo-no-background.webp","width":729,"height":749,"caption":"Atsumi Naturals"}]}},"uagb_featured_image_src":{"full":false,"thumbnail":false,"medium":false,"medium_large":false,"large":false,"1536x1536":false,"2048x2048":false,"trp-custom-language-flag":false,"woocommerce_thumbnail":false,"woocommerce_single":false,"woocommerce_gallery_thumbnail":false},"uagb_author_info":{"display_name":"Atsumi Naturals","author_link":"https:\/\/atsuminaturals.com\/en\/author\/sircsfgmail-com\/"},"uagb_comment_info":0,"uagb_excerpt":"Nuestro t\u00e9 matcha T\u00e9 matcha con una tradici\u00f3n milenaria Nuestro t\u00e9 matcha es el resultado de una tradici\u00f3n milenaria que [&hellip;]","_links":{"self":[{"href":"https:\/\/atsuminaturals.com\/en\/wp-json\/wp\/v2\/pages\/1018"}],"collection":[{"href":"https:\/\/atsuminaturals.com\/en\/wp-json\/wp\/v2\/pages"}],"about":[{"href":"https:\/\/atsuminaturals.com\/en\/wp-json\/wp\/v2\/types\/page"}],"author":[{"embeddable":true,"href":"https:\/\/atsuminaturals.com\/en\/wp-json\/wp\/v2\/users\/1"}],"replies":[{"embeddable":true,"href":"https:\/\/atsuminaturals.com\/en\/wp-json\/wp\/v2\/comments?post=1018"}],"version-history":[{"count":55,"href":"https:\/\/atsuminaturals.com\/en\/wp-json\/wp\/v2\/pages\/1018\/revisions"}],"predecessor-version":[{"id":1259,"href":"https:\/\/atsuminaturals.com\/en\/wp-json\/wp\/v2\/pages\/1018\/revisions\/1259"}],"wp:attachment":[{"href":"https:\/\/atsuminaturals.com\/en\/wp-json\/wp\/v2\/media?parent=1018"}],"curies":[{"name":"wp","href":"https:\/\/api.w.org\/{rel}","templated":true}]}}